{"id":1103,"date":"2023-11-23T16:52:00","date_gmt":"2023-11-23T15:52:00","guid":{"rendered":"http:\/\/hasler-gp.com\/kneading\/"},"modified":"2025-06-12T14:57:35","modified_gmt":"2025-06-12T12:57:35","slug":"malaxage","status":"publish","type":"page","link":"https:\/\/hasler-gp.com\/fr\/solutions\/malaxage\/","title":{"rendered":"Malaxage"},"content":{"rendered":"","protected":false},"excerpt":{"rendered":"","protected":false},"author":1,"featured_media":0,"parent":1107,"menu_order":61,"comment_status":"closed","ping_status":"closed","template":"listing-produits.php","meta":{"footnotes":"","_wp_rev_ctl_limit":""},"acf":[],"yoast_head":"<!-- This site is optimized with the Yoast SEO plugin v20.0 - https:\/\/yoast.com\/wordpress\/plugins\/seo\/ -->\n<title>Solution de malaxage industriel - Solution de malaxage pour produits \u00e0 haute viscosit\u00e9 - HASLER Group<\/title>\n<meta name=\"description\" content=\"Solutions de malaxage industrielle pour la performance des proc\u00e9d\u00e9s continus : malaxeurs UCP et malaxeurs GUITTARD.\" \/>\n<meta name=\"robots\" content=\"index, follow, max-snippet:-1, max-image-preview:large, max-video-preview:-1\" \/>\n<link rel=\"canonical\" href=\"https:\/\/hasler-gp.com\/fr\/solutions\/malaxage\/\" \/>\n<meta property=\"og:locale\" content=\"fr_FR\" \/>\n<meta property=\"og:type\" content=\"article\" \/>\n<meta property=\"og:title\" content=\"Solution de malaxage industriel - Solution de malaxage pour produits \u00e0 haute viscosit\u00e9 - HASLER Group\" \/>\n<meta property=\"og:description\" content=\"Solutions de malaxage industrielle pour la performance des proc\u00e9d\u00e9s continus : malaxeurs UCP et malaxeurs GUITTARD.\" \/>\n<meta property=\"og:url\" content=\"https:\/\/hasler-gp.com\/fr\/solutions\/malaxage\/\" \/>\n<meta property=\"og:site_name\" content=\"HASLER Group\" \/>\n<meta property=\"article:modified_time\" content=\"2025-06-12T12:57:35+00:00\" \/>\n<meta name=\"twitter:card\" content=\"summary_large_image\" \/>\n<script type=\"application\/ld+json\" class=\"yoast-schema-graph\">{\"@context\":\"https:\/\/schema.org\",\"@graph\":[{\"@type\":\"WebPage\",\"@id\":\"https:\/\/hasler-gp.com\/fr\/solutions\/malaxage\/\",\"url\":\"https:\/\/hasler-gp.com\/fr\/solutions\/malaxage\/\",\"name\":\"Solution de malaxage industriel - Solution de malaxage pour produits \u00e0 haute viscosit\u00e9 - HASLER Group\",\"isPartOf\":{\"@id\":\"https:\/\/hasler-gp.com\/fr\/#website\"},\"datePublished\":\"2023-11-23T15:52:00+00:00\",\"dateModified\":\"2025-06-12T12:57:35+00:00\",\"description\":\"Solutions de malaxage industrielle pour la performance des proc\u00e9d\u00e9s continus : malaxeurs UCP et malaxeurs GUITTARD.\",\"breadcrumb\":{\"@id\":\"https:\/\/hasler-gp.com\/fr\/solutions\/malaxage\/#breadcrumb\"},\"inLanguage\":\"fr-FR\",\"potentialAction\":[{\"@type\":\"ReadAction\",\"target\":[\"https:\/\/hasler-gp.com\/fr\/solutions\/malaxage\/\"]}]},{\"@type\":\"BreadcrumbList\",\"@id\":\"https:\/\/hasler-gp.com\/fr\/solutions\/malaxage\/#breadcrumb\",\"itemListElement\":[{\"@type\":\"ListItem\",\"position\":1,\"name\":\"Accueil\",\"item\":\"https:\/\/hasler-gp.com\/fr\/\"},{\"@type\":\"ListItem\",\"position\":2,\"name\":\"Solutions\",\"item\":\"https:\/\/hasler-gp.com\/fr\/solutions\/\"},{\"@type\":\"ListItem\",\"position\":3,\"name\":\"Malaxage\"}]},{\"@type\":\"WebSite\",\"@id\":\"https:\/\/hasler-gp.com\/fr\/#website\",\"url\":\"https:\/\/hasler-gp.com\/fr\/\",\"name\":\"HASLER Group\",\"description\":\"Un site utilisant WordPress\",\"potentialAction\":[{\"@type\":\"SearchAction\",\"target\":{\"@type\":\"EntryPoint\",\"urlTemplate\":\"https:\/\/hasler-gp.com\/fr\/?s={search_term_string}\"},\"query-input\":\"required name=search_term_string\"}],\"inLanguage\":\"fr-FR\"}]}<\/script>\n<!-- \/ Yoast SEO plugin. -->","yoast_head_json":{"title":"Solution de malaxage industriel - Solution de malaxage pour produits \u00e0 haute viscosit\u00e9 - HASLER Group","description":"Solutions de malaxage industrielle pour la performance des proc\u00e9d\u00e9s continus : malaxeurs UCP et malaxeurs GUITTARD.","robots":{"index":"index","follow":"follow","max-snippet":"max-snippet:-1","max-image-preview":"max-image-preview:large","max-video-preview":"max-video-preview:-1"},"canonical":"https:\/\/hasler-gp.com\/fr\/solutions\/malaxage\/","og_locale":"fr_FR","og_type":"article","og_title":"Solution de malaxage industriel - Solution de malaxage pour produits \u00e0 haute viscosit\u00e9 - HASLER Group","og_description":"Solutions de malaxage industrielle pour la performance des proc\u00e9d\u00e9s continus : malaxeurs UCP et malaxeurs GUITTARD.","og_url":"https:\/\/hasler-gp.com\/fr\/solutions\/malaxage\/","og_site_name":"HASLER Group","article_modified_time":"2025-06-12T12:57:35+00:00","twitter_card":"summary_large_image","schema":{"@context":"https:\/\/schema.org","@graph":[{"@type":"WebPage","@id":"https:\/\/hasler-gp.com\/fr\/solutions\/malaxage\/","url":"https:\/\/hasler-gp.com\/fr\/solutions\/malaxage\/","name":"Solution de malaxage industriel - Solution de malaxage pour produits \u00e0 haute viscosit\u00e9 - HASLER Group","isPartOf":{"@id":"https:\/\/hasler-gp.com\/fr\/#website"},"datePublished":"2023-11-23T15:52:00+00:00","dateModified":"2025-06-12T12:57:35+00:00","description":"Solutions de malaxage industrielle pour la performance des proc\u00e9d\u00e9s continus : malaxeurs UCP et malaxeurs GUITTARD.","breadcrumb":{"@id":"https:\/\/hasler-gp.com\/fr\/solutions\/malaxage\/#breadcrumb"},"inLanguage":"fr-FR","potentialAction":[{"@type":"ReadAction","target":["https:\/\/hasler-gp.com\/fr\/solutions\/malaxage\/"]}]},{"@type":"BreadcrumbList","@id":"https:\/\/hasler-gp.com\/fr\/solutions\/malaxage\/#breadcrumb","itemListElement":[{"@type":"ListItem","position":1,"name":"Accueil","item":"https:\/\/hasler-gp.com\/fr\/"},{"@type":"ListItem","position":2,"name":"Solutions","item":"https:\/\/hasler-gp.com\/fr\/solutions\/"},{"@type":"ListItem","position":3,"name":"Malaxage"}]},{"@type":"WebSite","@id":"https:\/\/hasler-gp.com\/fr\/#website","url":"https:\/\/hasler-gp.com\/fr\/","name":"HASLER Group","description":"Un site utilisant WordPress","potentialAction":[{"@type":"SearchAction","target":{"@type":"EntryPoint","urlTemplate":"https:\/\/hasler-gp.com\/fr\/?s={search_term_string}"},"query-input":"required name=search_term_string"}],"inLanguage":"fr-FR"}]}},"_links":{"self":[{"href":"https:\/\/hasler-gp.com\/fr\/wp-json\/wp\/v2\/pages\/1103"}],"collection":[{"href":"https:\/\/hasler-gp.com\/fr\/wp-json\/wp\/v2\/pages"}],"about":[{"href":"https:\/\/hasler-gp.com\/fr\/wp-json\/wp\/v2\/types\/page"}],"author":[{"embeddable":true,"href":"https:\/\/hasler-gp.com\/fr\/wp-json\/wp\/v2\/users\/1"}],"replies":[{"embeddable":true,"href":"https:\/\/hasler-gp.com\/fr\/wp-json\/wp\/v2\/comments?post=1103"}],"version-history":[{"count":6,"href":"https:\/\/hasler-gp.com\/fr\/wp-json\/wp\/v2\/pages\/1103\/revisions"}],"predecessor-version":[{"id":14668,"href":"https:\/\/hasler-gp.com\/fr\/wp-json\/wp\/v2\/pages\/1103\/revisions\/14668"}],"up":[{"embeddable":true,"href":"https:\/\/hasler-gp.com\/fr\/wp-json\/wp\/v2\/pages\/1107"}],"wp:attachment":[{"href":"https:\/\/hasler-gp.com\/fr\/wp-json\/wp\/v2\/media?parent=1103"}],"curies":[{"name":"wp","href":"https:\/\/api.w.org\/{rel}","templated":true}]}}