{"id":1104,"date":"2023-11-23T16:50:44","date_gmt":"2023-11-23T15:50:44","guid":{"rendered":"http:\/\/hasler-gp.com\/filtration\/"},"modified":"2024-11-08T10:17:46","modified_gmt":"2024-11-08T09:17:46","slug":"filtration","status":"publish","type":"page","link":"https:\/\/hasler-gp.com\/fr\/solutions\/filtration\/","title":{"rendered":"FILTRATION"},"content":{"rendered":"","protected":false},"excerpt":{"rendered":"","protected":false},"author":1,"featured_media":0,"parent":1107,"menu_order":58,"comment_status":"closed","ping_status":"closed","template":"listing-produits.php","meta":{"footnotes":"","_wp_rev_ctl_limit":""},"acf":[],"yoast_head":"<!-- This site is optimized with the Yoast SEO plugin v20.0 - https:\/\/yoast.com\/wordpress\/plugins\/seo\/ -->\n<title>Solutions de filtration industrielle - Filtres industriels sous vide - HASLER Group<\/title>\n<meta name=\"description\" content=\"La filtration industrielle sous vide continue : filtres \u00e0 bande sous vide PHILIPPE, filtres \u00e0 table AOUSTIN &amp; filtres \u00e0 tambour rotatif VERNAY.\" \/>\n<meta name=\"robots\" content=\"index, follow, max-snippet:-1, max-image-preview:large, max-video-preview:-1\" \/>\n<link rel=\"canonical\" href=\"https:\/\/hasler-gp.com\/fr\/solutions\/filtration\/\" \/>\n<meta property=\"og:locale\" content=\"fr_FR\" \/>\n<meta property=\"og:type\" content=\"article\" \/>\n<meta property=\"og:title\" content=\"Solutions de filtration industrielle - Filtres industriels sous vide - HASLER Group\" \/>\n<meta property=\"og:description\" content=\"La filtration industrielle sous vide continue : filtres \u00e0 bande sous vide PHILIPPE, filtres \u00e0 table AOUSTIN &amp; filtres \u00e0 tambour rotatif VERNAY.\" \/>\n<meta property=\"og:url\" content=\"https:\/\/hasler-gp.com\/fr\/solutions\/filtration\/\" \/>\n<meta property=\"og:site_name\" content=\"HASLER Group\" \/>\n<meta property=\"article:modified_time\" content=\"2024-11-08T09:17:46+00:00\" \/>\n<meta name=\"twitter:card\" content=\"summary_large_image\" \/>\n<script type=\"application\/ld+json\" class=\"yoast-schema-graph\">{\"@context\":\"https:\/\/schema.org\",\"@graph\":[{\"@type\":\"WebPage\",\"@id\":\"https:\/\/hasler-gp.com\/fr\/solutions\/filtration\/\",\"url\":\"https:\/\/hasler-gp.com\/fr\/solutions\/filtration\/\",\"name\":\"Solutions de filtration industrielle - Filtres industriels sous vide - HASLER Group\",\"isPartOf\":{\"@id\":\"https:\/\/hasler-gp.com\/fr\/#website\"},\"datePublished\":\"2023-11-23T15:50:44+00:00\",\"dateModified\":\"2024-11-08T09:17:46+00:00\",\"description\":\"La filtration industrielle sous vide continue : filtres \u00e0 bande sous vide PHILIPPE, filtres \u00e0 table AOUSTIN & filtres \u00e0 tambour rotatif VERNAY.\",\"breadcrumb\":{\"@id\":\"https:\/\/hasler-gp.com\/fr\/solutions\/filtration\/#breadcrumb\"},\"inLanguage\":\"fr-FR\",\"potentialAction\":[{\"@type\":\"ReadAction\",\"target\":[\"https:\/\/hasler-gp.com\/fr\/solutions\/filtration\/\"]}]},{\"@type\":\"BreadcrumbList\",\"@id\":\"https:\/\/hasler-gp.com\/fr\/solutions\/filtration\/#breadcrumb\",\"itemListElement\":[{\"@type\":\"ListItem\",\"position\":1,\"name\":\"Accueil\",\"item\":\"https:\/\/hasler-gp.com\/fr\/\"},{\"@type\":\"ListItem\",\"position\":2,\"name\":\"Solutions\",\"item\":\"https:\/\/hasler-gp.com\/fr\/solutions\/\"},{\"@type\":\"ListItem\",\"position\":3,\"name\":\"FILTRATION\"}]},{\"@type\":\"WebSite\",\"@id\":\"https:\/\/hasler-gp.com\/fr\/#website\",\"url\":\"https:\/\/hasler-gp.com\/fr\/\",\"name\":\"HASLER Group\",\"description\":\"Un site utilisant WordPress\",\"potentialAction\":[{\"@type\":\"SearchAction\",\"target\":{\"@type\":\"EntryPoint\",\"urlTemplate\":\"https:\/\/hasler-gp.com\/fr\/?s={search_term_string}\"},\"query-input\":\"required name=search_term_string\"}],\"inLanguage\":\"fr-FR\"}]}<\/script>\n<!-- \/ Yoast SEO plugin. -->","yoast_head_json":{"title":"Solutions de filtration industrielle - Filtres industriels sous vide - HASLER Group","description":"La filtration industrielle sous vide continue : filtres \u00e0 bande sous vide PHILIPPE, filtres \u00e0 table AOUSTIN & filtres \u00e0 tambour rotatif VERNAY.","robots":{"index":"index","follow":"follow","max-snippet":"max-snippet:-1","max-image-preview":"max-image-preview:large","max-video-preview":"max-video-preview:-1"},"canonical":"https:\/\/hasler-gp.com\/fr\/solutions\/filtration\/","og_locale":"fr_FR","og_type":"article","og_title":"Solutions de filtration industrielle - Filtres industriels sous vide - HASLER Group","og_description":"La filtration industrielle sous vide continue : filtres \u00e0 bande sous vide PHILIPPE, filtres \u00e0 table AOUSTIN & filtres \u00e0 tambour rotatif VERNAY.","og_url":"https:\/\/hasler-gp.com\/fr\/solutions\/filtration\/","og_site_name":"HASLER Group","article_modified_time":"2024-11-08T09:17:46+00:00","twitter_card":"summary_large_image","schema":{"@context":"https:\/\/schema.org","@graph":[{"@type":"WebPage","@id":"https:\/\/hasler-gp.com\/fr\/solutions\/filtration\/","url":"https:\/\/hasler-gp.com\/fr\/solutions\/filtration\/","name":"Solutions de filtration industrielle - Filtres industriels sous vide - HASLER Group","isPartOf":{"@id":"https:\/\/hasler-gp.com\/fr\/#website"},"datePublished":"2023-11-23T15:50:44+00:00","dateModified":"2024-11-08T09:17:46+00:00","description":"La filtration industrielle sous vide continue : filtres \u00e0 bande sous vide PHILIPPE, filtres \u00e0 table AOUSTIN & filtres \u00e0 tambour rotatif VERNAY.","breadcrumb":{"@id":"https:\/\/hasler-gp.com\/fr\/solutions\/filtration\/#breadcrumb"},"inLanguage":"fr-FR","potentialAction":[{"@type":"ReadAction","target":["https:\/\/hasler-gp.com\/fr\/solutions\/filtration\/"]}]},{"@type":"BreadcrumbList","@id":"https:\/\/hasler-gp.com\/fr\/solutions\/filtration\/#breadcrumb","itemListElement":[{"@type":"ListItem","position":1,"name":"Accueil","item":"https:\/\/hasler-gp.com\/fr\/"},{"@type":"ListItem","position":2,"name":"Solutions","item":"https:\/\/hasler-gp.com\/fr\/solutions\/"},{"@type":"ListItem","position":3,"name":"FILTRATION"}]},{"@type":"WebSite","@id":"https:\/\/hasler-gp.com\/fr\/#website","url":"https:\/\/hasler-gp.com\/fr\/","name":"HASLER Group","description":"Un site utilisant WordPress","potentialAction":[{"@type":"SearchAction","target":{"@type":"EntryPoint","urlTemplate":"https:\/\/hasler-gp.com\/fr\/?s={search_term_string}"},"query-input":"required name=search_term_string"}],"inLanguage":"fr-FR"}]}},"_links":{"self":[{"href":"https:\/\/hasler-gp.com\/fr\/wp-json\/wp\/v2\/pages\/1104"}],"collection":[{"href":"https:\/\/hasler-gp.com\/fr\/wp-json\/wp\/v2\/pages"}],"about":[{"href":"https:\/\/hasler-gp.com\/fr\/wp-json\/wp\/v2\/types\/page"}],"author":[{"embeddable":true,"href":"https:\/\/hasler-gp.com\/fr\/wp-json\/wp\/v2\/users\/1"}],"replies":[{"embeddable":true,"href":"https:\/\/hasler-gp.com\/fr\/wp-json\/wp\/v2\/comments?post=1104"}],"version-history":[{"count":9,"href":"https:\/\/hasler-gp.com\/fr\/wp-json\/wp\/v2\/pages\/1104\/revisions"}],"predecessor-version":[{"id":13401,"href":"https:\/\/hasler-gp.com\/fr\/wp-json\/wp\/v2\/pages\/1104\/revisions\/13401"}],"up":[{"embeddable":true,"href":"https:\/\/hasler-gp.com\/fr\/wp-json\/wp\/v2\/pages\/1107"}],"wp:attachment":[{"href":"https:\/\/hasler-gp.com\/fr\/wp-json\/wp\/v2\/media?parent=1104"}],"curies":[{"name":"wp","href":"https:\/\/api.w.org\/{rel}","templated":true}]}}