{"id":1105,"date":"2023-11-23T16:49:48","date_gmt":"2023-11-23T15:49:48","guid":{"rendered":"http:\/\/hasler-gp.com\/mixing\/"},"modified":"2025-08-12T15:52:17","modified_gmt":"2025-08-12T13:52:17","slug":"agitation","status":"publish","type":"page","link":"https:\/\/hasler-gp.com\/fr\/solutions\/agitation\/","title":{"rendered":"AGITATION"},"content":{"rendered":"","protected":false},"excerpt":{"rendered":"","protected":false},"author":1,"featured_media":0,"parent":1107,"menu_order":56,"comment_status":"closed","ping_status":"closed","template":"listing-produits.php","meta":{"footnotes":"","_wp_rev_ctl_limit":""},"acf":[],"yoast_head":"<!-- This site is optimized with the Yoast SEO plugin v20.0 - https:\/\/yoast.com\/wordpress\/plugins\/seo\/ -->\n<title>Solution d&#039;agitation industrielle m\u00e9canique : agitateur LUMPP pour la chimie par HASLER Group<\/title>\n<meta name=\"description\" content=\"Solution d&#039;agitation industrielle m\u00e9canique alliant qualit\u00e9, fiabilit\u00e9 et rentabilit\u00e9, con\u00e7ue pour allier performance et comp\u00e9titivit\u00e9.\" \/>\n<meta name=\"robots\" content=\"index, follow, max-snippet:-1, max-image-preview:large, max-video-preview:-1\" \/>\n<link rel=\"canonical\" href=\"https:\/\/hasler-gp.com\/fr\/solutions\/agitation\/\" \/>\n<meta property=\"og:locale\" content=\"fr_FR\" \/>\n<meta property=\"og:type\" content=\"article\" \/>\n<meta property=\"og:title\" content=\"Solution d&#039;agitation industrielle m\u00e9canique : agitateur LUMPP pour la chimie par HASLER Group\" \/>\n<meta property=\"og:description\" content=\"Solution d&#039;agitation industrielle m\u00e9canique alliant qualit\u00e9, fiabilit\u00e9 et rentabilit\u00e9, con\u00e7ue pour allier performance et comp\u00e9titivit\u00e9.\" \/>\n<meta property=\"og:url\" content=\"https:\/\/hasler-gp.com\/fr\/solutions\/agitation\/\" \/>\n<meta property=\"og:site_name\" content=\"HASLER Group\" \/>\n<meta property=\"article:modified_time\" content=\"2025-08-12T13:52:17+00:00\" \/>\n<meta name=\"twitter:card\" content=\"summary_large_image\" \/>\n<script type=\"application\/ld+json\" class=\"yoast-schema-graph\">{\"@context\":\"https:\/\/schema.org\",\"@graph\":[{\"@type\":\"WebPage\",\"@id\":\"https:\/\/hasler-gp.com\/fr\/solutions\/agitation\/\",\"url\":\"https:\/\/hasler-gp.com\/fr\/solutions\/agitation\/\",\"name\":\"Solution d'agitation industrielle m\u00e9canique : agitateur LUMPP pour la chimie par HASLER Group\",\"isPartOf\":{\"@id\":\"https:\/\/hasler-gp.com\/fr\/#website\"},\"datePublished\":\"2023-11-23T15:49:48+00:00\",\"dateModified\":\"2025-08-12T13:52:17+00:00\",\"description\":\"Solution d'agitation industrielle m\u00e9canique alliant qualit\u00e9, fiabilit\u00e9 et rentabilit\u00e9, con\u00e7ue pour allier performance et comp\u00e9titivit\u00e9.\",\"breadcrumb\":{\"@id\":\"https:\/\/hasler-gp.com\/fr\/solutions\/agitation\/#breadcrumb\"},\"inLanguage\":\"fr-FR\",\"potentialAction\":[{\"@type\":\"ReadAction\",\"target\":[\"https:\/\/hasler-gp.com\/fr\/solutions\/agitation\/\"]}]},{\"@type\":\"BreadcrumbList\",\"@id\":\"https:\/\/hasler-gp.com\/fr\/solutions\/agitation\/#breadcrumb\",\"itemListElement\":[{\"@type\":\"ListItem\",\"position\":1,\"name\":\"Accueil\",\"item\":\"https:\/\/hasler-gp.com\/fr\/\"},{\"@type\":\"ListItem\",\"position\":2,\"name\":\"Solutions\",\"item\":\"https:\/\/hasler-gp.com\/fr\/solutions\/\"},{\"@type\":\"ListItem\",\"position\":3,\"name\":\"AGITATION\"}]},{\"@type\":\"WebSite\",\"@id\":\"https:\/\/hasler-gp.com\/fr\/#website\",\"url\":\"https:\/\/hasler-gp.com\/fr\/\",\"name\":\"HASLER Group\",\"description\":\"Un site utilisant WordPress\",\"potentialAction\":[{\"@type\":\"SearchAction\",\"target\":{\"@type\":\"EntryPoint\",\"urlTemplate\":\"https:\/\/hasler-gp.com\/fr\/?s={search_term_string}\"},\"query-input\":\"required name=search_term_string\"}],\"inLanguage\":\"fr-FR\"}]}<\/script>\n<!-- \/ Yoast SEO plugin. -->","yoast_head_json":{"title":"Solution d'agitation industrielle m\u00e9canique : agitateur LUMPP pour la chimie par HASLER Group","description":"Solution d'agitation industrielle m\u00e9canique alliant qualit\u00e9, fiabilit\u00e9 et rentabilit\u00e9, con\u00e7ue pour allier performance et comp\u00e9titivit\u00e9.","robots":{"index":"index","follow":"follow","max-snippet":"max-snippet:-1","max-image-preview":"max-image-preview:large","max-video-preview":"max-video-preview:-1"},"canonical":"https:\/\/hasler-gp.com\/fr\/solutions\/agitation\/","og_locale":"fr_FR","og_type":"article","og_title":"Solution d'agitation industrielle m\u00e9canique : agitateur LUMPP pour la chimie par HASLER Group","og_description":"Solution d'agitation industrielle m\u00e9canique alliant qualit\u00e9, fiabilit\u00e9 et rentabilit\u00e9, con\u00e7ue pour allier performance et comp\u00e9titivit\u00e9.","og_url":"https:\/\/hasler-gp.com\/fr\/solutions\/agitation\/","og_site_name":"HASLER Group","article_modified_time":"2025-08-12T13:52:17+00:00","twitter_card":"summary_large_image","schema":{"@context":"https:\/\/schema.org","@graph":[{"@type":"WebPage","@id":"https:\/\/hasler-gp.com\/fr\/solutions\/agitation\/","url":"https:\/\/hasler-gp.com\/fr\/solutions\/agitation\/","name":"Solution d'agitation industrielle m\u00e9canique : agitateur LUMPP pour la chimie par HASLER Group","isPartOf":{"@id":"https:\/\/hasler-gp.com\/fr\/#website"},"datePublished":"2023-11-23T15:49:48+00:00","dateModified":"2025-08-12T13:52:17+00:00","description":"Solution d'agitation industrielle m\u00e9canique alliant qualit\u00e9, fiabilit\u00e9 et rentabilit\u00e9, con\u00e7ue pour allier performance et comp\u00e9titivit\u00e9.","breadcrumb":{"@id":"https:\/\/hasler-gp.com\/fr\/solutions\/agitation\/#breadcrumb"},"inLanguage":"fr-FR","potentialAction":[{"@type":"ReadAction","target":["https:\/\/hasler-gp.com\/fr\/solutions\/agitation\/"]}]},{"@type":"BreadcrumbList","@id":"https:\/\/hasler-gp.com\/fr\/solutions\/agitation\/#breadcrumb","itemListElement":[{"@type":"ListItem","position":1,"name":"Accueil","item":"https:\/\/hasler-gp.com\/fr\/"},{"@type":"ListItem","position":2,"name":"Solutions","item":"https:\/\/hasler-gp.com\/fr\/solutions\/"},{"@type":"ListItem","position":3,"name":"AGITATION"}]},{"@type":"WebSite","@id":"https:\/\/hasler-gp.com\/fr\/#website","url":"https:\/\/hasler-gp.com\/fr\/","name":"HASLER Group","description":"Un site utilisant WordPress","potentialAction":[{"@type":"SearchAction","target":{"@type":"EntryPoint","urlTemplate":"https:\/\/hasler-gp.com\/fr\/?s={search_term_string}"},"query-input":"required name=search_term_string"}],"inLanguage":"fr-FR"}]}},"_links":{"self":[{"href":"https:\/\/hasler-gp.com\/fr\/wp-json\/wp\/v2\/pages\/1105"}],"collection":[{"href":"https:\/\/hasler-gp.com\/fr\/wp-json\/wp\/v2\/pages"}],"about":[{"href":"https:\/\/hasler-gp.com\/fr\/wp-json\/wp\/v2\/types\/page"}],"author":[{"embeddable":true,"href":"https:\/\/hasler-gp.com\/fr\/wp-json\/wp\/v2\/users\/1"}],"replies":[{"embeddable":true,"href":"https:\/\/hasler-gp.com\/fr\/wp-json\/wp\/v2\/comments?post=1105"}],"version-history":[{"count":10,"href":"https:\/\/hasler-gp.com\/fr\/wp-json\/wp\/v2\/pages\/1105\/revisions"}],"predecessor-version":[{"id":14858,"href":"https:\/\/hasler-gp.com\/fr\/wp-json\/wp\/v2\/pages\/1105\/revisions\/14858"}],"up":[{"embeddable":true,"href":"https:\/\/hasler-gp.com\/fr\/wp-json\/wp\/v2\/pages\/1107"}],"wp:attachment":[{"href":"https:\/\/hasler-gp.com\/fr\/wp-json\/wp\/v2\/media?parent=1105"}],"curies":[{"name":"wp","href":"https:\/\/api.w.org\/{rel}","templated":true}]}}