{"id":1125,"date":"2023-09-27T09:40:01","date_gmt":"2023-09-27T07:40:01","guid":{"rendered":"http:\/\/hasler-gp.com\/?page_id=1125"},"modified":"2024-11-20T14:50:52","modified_gmt":"2024-11-20T13:50:52","slug":"politique-de-confidentialite","status":"publish","type":"page","link":"https:\/\/hasler-gp.com\/fr\/politique-de-confidentialite\/","title":{"rendered":"Politique de confidentialit\u00e9"},"content":{"rendered":"\n<p>Retrouvez ici les informations concernant :<\/p>\n\n\n\n<ul>\n<li>Informations l\u00e9gales : Propri\u00e9taire du site : HASLER Group &#8211; Identification de l\u2019entreprise : HASLER Group &#8211; <a href=\"mailto:dpo@hasler.group\">Contacter le d\u00e9l\u00e9gu\u00e9 \u00e0 la protection des donn\u00e9es<\/a><\/li>\n\n\n\n<li><a href=\"#politique-donnees-personnelles\">Politique donn\u00e9es personnelles HASLER Group<\/a><\/li>\n\n\n\n<li><a href=\"#rgpd\">RGPD HASLER Group<\/a><\/li>\n<\/ul>\n\n\n\n<p id=\"politique-donnees-personnelles\"> <\/p>\n\n\n\n<div style=\"height:57px\" aria-hidden=\"true\" class=\"wp-block-spacer\"><\/div>\n\n\n\n<h2 class=\"wp-block-heading has-luminous-vivid-orange-color has-text-color\">1. Politique donn\u00e9es personnelles<\/h2>\n\n\n\n<h3 class=\"wp-block-heading\">1.1 Introduction<\/h3>\n\n\n\n<p>HASLER Group accorde une grande importance \u00e0 la protection de vos donn\u00e9es personnelles.<\/p>\n\n\n\n<p>Dans le cadre de la collecte de vos donn\u00e9es \u00e0 caract\u00e8re personnel, nous souhaitons vous informer des moyens mis en \u0153uvre et des finalit\u00e9s poursuivies, conform\u00e9ment aux lois, et r\u00e8glements en vigueur en France et aux dispositions r\u00e9glementaires europ\u00e9ennes dont le R\u00e8glement g\u00e9n\u00e9ral sur la protection des donn\u00e9es (RGPD) en vigueur depuis le 25 mai 2018 et la loi Informatique et Libert\u00e9s du 6 janvier 1978 modifi\u00e9e (par la loi n\u00b0 2018-493 du 20 juin 2018).<\/p>\n\n\n\n<p>Nous nous engageons \u00e0 respecter la confidentialit\u00e9 des renseignements personnels que nous collectons.<\/p>\n\n\n\n<h3 class=\"wp-block-heading\">1.2 Collecte des renseignements personnels<\/h3>\n\n\n\n<p>Nous collectons les renseignements suivants :<\/p>\n\n\n\n<ul>\n<li>Genre<\/li>\n\n\n\n<li>Nom<\/li>\n\n\n\n<li>Pr\u00e9nom<\/li>\n\n\n\n<li>Soci\u00e9t\u00e9<\/li>\n\n\n\n<li>Pays<\/li>\n\n\n\n<li>Adresse \u00e9lectronique<\/li>\n\n\n\n<li>Num\u00e9ro de t\u00e9l\u00e9phone<\/li>\n\n\n\n<li>Application industrielle<\/li>\n\n\n\n<li>Activit\u00e9<\/li>\n\n\n\n<li>Num\u00e9ro de code de l\u2019article<\/li>\n\n\n\n<li>Num\u00e9ro de commande initiale ou num\u00e9ro d\u2019installation<\/li>\n\n\n\n<li>Quantit\u00e9<\/li>\n\n\n\n<li>Langue<\/li>\n\n\n\n<li>Niveau d\u2019urgence<\/li>\n\n\n\n<li>Lieu d\u2019intervention<\/li>\n\n\n\n<li>Date d\u2019intervention requise<\/li>\n\n\n\n<li>Num\u00e9ro de machine<\/li>\n\n\n\n<li>Nom de l\u2019\u00e9quipement concern\u00e9&nbsp;<\/li>\n\n\n\n<li>Type de candidature<\/li>\n\n\n\n<li>CV et lettre de motivation<\/li>\n<\/ul>\n\n\n\n<p>Les renseignements personnels que nous collectons sont recueillis au travers de formulaires et gr\u00e2ce \u00e0 l\u2019interactivit\u00e9 \u00e9tablie entre vous et notre site Web. Nous utilisons \u00e9galement, comme indiqu\u00e9 dans la section suivante des fichiers t\u00e9moins et\/ou journaux pour r\u00e9unir des informations vous concernant.<\/p>\n\n\n\n<h3 class=\"wp-block-heading\">1.3 Formulaires et interactivit\u00e9 <\/h3>\n\n\n\n<p>Vos renseignements personnels sont collect\u00e9s par le biais de formulaires, \u00e0 savoir :<\/p>\n\n\n\n<ul>\n<li>Formulaire de contact&nbsp;<\/li>\n\n\n\n<li>Formulaire de t\u00e9l\u00e9chargement de fiches produit<\/li>\n\n\n\n<li>Formulaires de t\u00e9l\u00e9chargement de documentation<\/li>\n\n\n\n<li>Formulaire de sondage satisfaction<\/li>\n<\/ul>\n\n\n\n<p>Nous collectons vos donn\u00e9es principalement pour r\u00e9pondre \u00e0 une ou plusieurs des finalit\u00e9s suivantes :<\/p>\n\n\n\n<ul>\n<li>Vous contacter ou recontacter suite \u00e0 une demande de rendez-vous<\/li>\n\n\n\n<li>Vous contacter ou recontacter suite \u00e0 une r\u00e9clamation<\/li>\n\n\n\n<li>Vous contacter ou recontacter suite \u00e0 une demande d&rsquo;informations<\/li>\n\n\n\n<li>G\u00e9rer et traiter vos demandes<\/li>\n\n\n\n<li>G\u00e9rer et traiter vos documents<\/li>\n\n\n\n<li>G\u00e9rer vos demandes de droit d\u2019acc\u00e8s, de rectification, d\u2019opposition ou d\u2019effacement de vos donn\u00e9es.<\/li>\n\n\n\n<li>G\u00e9rer le site web et ses statistiques<\/li>\n<\/ul>\n\n\n\n<h3 class=\"wp-block-heading\">1.4 Partage des renseignements personnels<\/h3>\n\n\n\n<p>Les donn\u00e9es collect\u00e9es par le site <a href=\"https:\/\/hasler-gp.com\/\">https:\/\/hasler-gp.com<\/a> ne sont transmis \u00e0 aucun tiers et sont trait\u00e9es uniquement par HASLER Group.<\/p>\n\n\n\n<p>Dur\u00e9e de conservation des renseignements personnels<\/p>\n\n\n\n<p>Le responsable du traitement des renseignements personnels conservera dans ses syst\u00e8mes informatiques du site et dans des conditions raisonnables de s\u00e9curit\u00e9 l&rsquo;ensemble des renseignements personnels collect\u00e9s pour une dur\u00e9e de : 3 ans.<\/p>\n\n\n\n<h3 class=\"wp-block-heading\">1.5 Droit d\u2019opposition et de retrait<\/h3>\n\n\n\n<p>Nous nous engageons \u00e0 vous offrir un droit d\u2019opposition et de retrait quant \u00e0 vos renseignements personnels. Le droit d\u2019opposition s\u2019entend comme \u00e9tant la possibilit\u00e9 offerte aux internautes de refuser que leurs renseignements personnels soient utilis\u00e9s \u00e0 certaines fins mentionn\u00e9es lors de la collecte.<\/p>\n\n\n\n<p>Le droit de retrait s\u2019entend comme \u00e9tant la possibilit\u00e9 offerte aux internautes de demander \u00e0 ce que leurs renseignements personnels ne figurent plus, par exemple, dans une liste de diffusion. Pour pouvoir exercer ces droits, veuillez nous <a href=\"mailto:dpo@hasler.group\">contacter par mail<\/a>.<\/p>\n\n\n\n<h3 class=\"wp-block-heading\">1.6 Droit d\u2019acc\u00e8s<\/h3>\n\n\n\n<p>Nous nous engageons \u00e0 reconna\u00eetre un droit d\u2019acc\u00e8s et de rectification aux personnes concern\u00e9es d\u00e9sireuses de consulter, modifier, voire radier les informations les concernant.<\/p>\n\n\n\n<p>Pour pouvoir exercer ces droits, veuillez nous <a href=\"mailto:dpo@hasler.group\">contacter par mail<\/a>.<\/p>\n\n\n\n<h3 class=\"wp-block-heading\">1.7 L\u00e9gislation<\/h3>\n\n\n\n<p>Vous pouvez demander des d\u00e9tails sur les renseignements personnels que nous d\u00e9tenons \u00e0 votre sujet dans le cadre de la loi Informatique et Libert\u00e9s du 6 janvier 1978, vous disposez d\u2019un droit d\u2019acc\u00e8s et de rectification aux donn\u00e9es personnelles vous concernant. Seule notre soci\u00e9t\u00e9 est destinataire des informations que vous lui communiquez. Pour pouvoir exercer ces droits, veuillez nous <a href=\"mailto:dpo@hasler.group\">contacter par mail<\/a>.<\/p>\n\n\n\n<p>Si vous croyez que les informations que nous d\u00e9tenons \u00e0 votre sujet sont inexactes ou incompl\u00e8tes, veuillez nous <a href=\"mailto:dpo@hasler.group\">contacter par mail<\/a>.<\/p>\n\n\n\n<h3 class=\"wp-block-heading\">1.8 S\u00e9curit\u00e9<\/h3>\n\n\n\n<p>Les renseignements personnels que nous collectons sont conserv\u00e9s dans un environnement s\u00e9curis\u00e9. Les collaborateurs travaillant pour HASLER Group sont tenus de respecter la confidentialit\u00e9 de vos informations.<\/p>\n\n\n\n<p>Pour assurer la s\u00e9curit\u00e9 de vos renseignements personnels, nous avons recours aux mesures suivantes :<\/p>\n\n\n\n<ul>\n<li>Protocole SSL<\/li>\n\n\n\n<li>Logiciel de surveillance du r\u00e9seau<\/li>\n\n\n\n<li>Pare-feu<\/li>\n<\/ul>\n\n\n\n<p id=\"rgpd\"> <\/p>\n\n\n\n<div style=\"height:57px\" aria-hidden=\"true\" class=\"wp-block-spacer\"><\/div>\n\n\n\n<h2 class=\"wp-block-heading has-luminous-vivid-orange-color has-text-color\">2. RGPD<\/h2>\n\n\n\n<h3 class=\"wp-block-heading\"><strong>1. \u00c9dition du site<\/strong><\/h3>\n\n\n\n<p>En vertu de l\u2019article 6 de la loi n\u00b0 2004-575 du 21 juin 2004 pour la confiance dans l\u2019\u00e9conomie num\u00e9rique, il est pr\u00e9cis\u00e9 aux utilisateurs du site internet https:\/\/hasler-gp.com l\u2019identit\u00e9 des diff\u00e9rents intervenants dans le cadre de sa r\u00e9alisation et de son suivi :<\/p>\n\n\n\n<p>Propri\u00e9taire du site : HASLER Group<\/p>\n\n\n\n<p>Identification de l\u2019entreprise : HASLER Group<\/p>\n\n\n\n<p><a href=\"mailto:dpo@hasler.group\">Contacter le d\u00e9l\u00e9gu\u00e9 \u00e0 la protection des donn\u00e9es<\/a><\/p>\n\n\n\n<h3 class=\"wp-block-heading\"><strong>2. Propri\u00e9t\u00e9 intellectuelle et contrefa\u00e7ons<\/strong><\/h3>\n\n\n\n<p>HASLER Group est propri\u00e9taire des droits de propri\u00e9t\u00e9 intellectuelle et d\u00e9tient les droits d\u2019usage sur tous les \u00e9l\u00e9ments accessibles sur le site internet, notamment les textes, images, graphismes, logos, vid\u00e9os, architecture, ic\u00f4nes et sons.<\/p>\n\n\n\n<p>Toute reproduction, repr\u00e9sentation, modification, publication, adaptation de tout ou partie des \u00e9l\u00e9ments du site, quel que soit le moyen ou le proc\u00e9d\u00e9 utilis\u00e9, est interdite, sauf autorisation \u00e9crite pr\u00e9alable de HASLER Group.<\/p>\n\n\n\n<p>Toute exploitation non autoris\u00e9e du site ou de l\u2019un quelconque des \u00e9l\u00e9ments qu\u2019il contient sera consid\u00e9r\u00e9e comme constitutive d\u2019une contrefa\u00e7on et poursuivie conform\u00e9ment aux dispositions des articles L.335-2 et suivants du Code de Propri\u00e9t\u00e9 Intellectuelle.<\/p>\n\n\n\n<h3 class=\"wp-block-heading\"><strong>3. Limitations de responsabilit\u00e9<\/strong><\/h3>\n\n\n\n<p>HASLER Group ne pourra \u00eatre tenu pour responsable des dommages directs et indirects caus\u00e9s au mat\u00e9riel de l\u2019utilisateur, lors de l\u2019acc\u00e8s au site <a href=\"https:\/\/hasler-gp.com\/\">https:\/\/hasler-gp.com<\/a> .<\/p>\n\n\n\n<p>HASLER Group d\u00e9cline toute responsabilit\u00e9 quant \u00e0 l\u2019utilisation qui pourrait \u00eatre faite des informations et contenus pr\u00e9sents sur <a href=\"https:\/\/hasler-gp.com\/\">https:\/\/hasler-gp.com<\/a>.<\/p>\n\n\n\n<p>HASLER Group s\u2019engage \u00e0 s\u00e9curiser au mieux le site <a href=\"https:\/\/hasler-gp.com\/\">https:\/\/hasler-gp.com<\/a>, cependant sa responsabilit\u00e9 ne pourra \u00eatre mise en cause si des donn\u00e9es ind\u00e9sirables sont import\u00e9es et install\u00e9es sur son site \u00e0 son insu.<\/p>\n\n\n\n<h3 class=\"wp-block-heading\"><strong>4. CNIL et gestion des donn\u00e9es personnelles<\/strong><\/h3>\n\n\n\n<p>Conform\u00e9ment aux dispositions de la loi 78-17 du 6 janvier 1978 modifi\u00e9e, l\u2019utilisateur du site <a href=\"https:\/\/hasler-gp.com\/\">https:\/\/hasler-gp.com<\/a> dispose d\u2019un droit d\u2019acc\u00e8s, de modification et de suppression des informations collect\u00e9es. Pour pouvoir exercer ces droits, veuillez nous <a href=\"mailto:dpo@hasler.group\">contacter par mail<\/a>.<\/p>\n\n\n\n<p>Pour plus d\u2019informations sur la fa\u00e7on dont nous traitons vos donn\u00e9es (type de donn\u00e9es, finalit\u00e9, destinataire\u2026), lisez notre politique de confidentialit\u00e9 ci-dessus.<\/p>\n\n\n\n<h3 class=\"wp-block-heading\"><strong>5. Liens hypertextes et cookies<\/strong><\/h3>\n\n\n\n<p>Le site <a href=\"https:\/\/hasler-gp.com\/\">https:\/\/hasler-gp.com<\/a> contient des liens hypertextes vers d\u2019autres sites et d\u00e9gage toute responsabilit\u00e9 \u00e0 propos de ces liens externes ou des liens cr\u00e9\u00e9s par d\u2019autres sites vers <a href=\"https:\/\/hasler-gp.com\/\">https:\/\/hasler-gp.com<\/a><\/p>\n\n\n\n<p>La navigation sur le site <a href=\"https:\/\/hasler-gp.com\/\">https:\/\/hasler-gp.com<\/a> est susceptible de provoquer l\u2019installation de cookie(s) sur l\u2019ordinateur de l\u2019utilisateur.<\/p>\n\n\n\n<p>Un \u201ccookie\u201d est un fichier de petite taille qui enregistre des informations relatives \u00e0 la navigation d\u2019un utilisateur sur un site. Les donn\u00e9es ainsi obtenues permettent d\u2019obtenir des mesures de fr\u00e9quentation, par exemple.<\/p>\n\n\n\n<p>Vous avez la possibilit\u00e9 d\u2019accepter ou de refuser les cookies en modifiant les param\u00e8tres de votre navigateur.<\/p>\n\n\n\n<p>Ces pr\u00e9cieuses informations nous permettent de mieux r\u00e9pondre \u00e0 vos attentes afin d\u2019am\u00e9liorer la qualit\u00e9 de nos services.<\/p>\n\n\n\n<h3 class=\"wp-block-heading\">6. Actualisation de la charte<\/h3>\n\n\n\n<p>HASLER Group se r\u00e9serve le droit de modifier \u00e0 tout moment les informations pr\u00e9sentes sur cette charte. Nous vous invitons \u00e0 consulter r\u00e9guli\u00e8rement cette page afin de prendre connaissance des modifications \u00e9ventuelles.<\/p>\n\n\n\n<p>Pour plus d\u2019informations sur la fa\u00e7on dont nous faisons usage des cookies, lisez cette page en entier.<\/p>\n\n\n\n<h3 class=\"wp-block-heading\"><strong>7. Droit applicable et attribution de juridiction<\/strong><\/h3>\n\n\n\n<p>Tout litige en relation avec l\u2019utilisation du site <a href=\"https:\/\/hasler-gp.com\/\">https:\/\/hasler-gp.com<\/a> est soumis au droit fran\u00e7ais. En dehors des cas o\u00f9 la loi ne le permet pas, il est fait attribution exclusive de juridiction aux tribunaux comp\u00e9tents de Paris.<\/p>\n","protected":false},"excerpt":{"rendered":"<p>Retrouvez ici les informations concernant : 1. Politique donn\u00e9es personnelles 1.1 Introduction HASLER Group accorde une grande importance \u00e0 la protection de vos donn\u00e9es personnelles. Dans le cadre de la collecte de vos donn\u00e9es \u00e0 caract\u00e8re personnel, nous souhaitons vous informer des moyens mis en \u0153uvre et des finalit\u00e9s poursuivies, conform\u00e9ment aux lois, et r\u00e8glements [&hellip;]<\/p>\n","protected":false},"author":1,"featured_media":0,"parent":0,"menu_order":94,"comment_status":"closed","ping_status":"open","template":"","meta":{"footnotes":"","_wp_rev_ctl_limit":""},"acf":[],"yoast_head":"<!-- This site is optimized with the Yoast SEO plugin v20.0 - https:\/\/yoast.com\/wordpress\/plugins\/seo\/ -->\n<title>Politique de confidentialit\u00e9 - HASLER Group<\/title>\n<meta name=\"robots\" content=\"index, follow, max-snippet:-1, max-image-preview:large, max-video-preview:-1\" \/>\n<link rel=\"canonical\" href=\"https:\/\/hasler-gp.com\/fr\/politique-de-confidentialite\/\" \/>\n<meta property=\"og:locale\" content=\"fr_FR\" \/>\n<meta property=\"og:type\" content=\"article\" \/>\n<meta property=\"og:title\" content=\"Politique de confidentialit\u00e9 - HASLER Group\" \/>\n<meta property=\"og:description\" content=\"Retrouvez ici les informations concernant : 1. Politique donn\u00e9es personnelles 1.1 Introduction HASLER Group accorde une grande importance \u00e0 la protection de vos donn\u00e9es personnelles. Dans le cadre de la collecte de vos donn\u00e9es \u00e0 caract\u00e8re personnel, nous souhaitons vous informer des moyens mis en \u0153uvre et des finalit\u00e9s poursuivies, conform\u00e9ment aux lois, et r\u00e8glements [&hellip;]\" \/>\n<meta property=\"og:url\" content=\"https:\/\/hasler-gp.com\/fr\/politique-de-confidentialite\/\" \/>\n<meta property=\"og:site_name\" content=\"HASLER Group\" \/>\n<meta property=\"article:modified_time\" content=\"2024-11-20T13:50:52+00:00\" \/>\n<meta name=\"twitter:card\" content=\"summary_large_image\" \/>\n<meta name=\"twitter:label1\" content=\"Dur\u00e9e de lecture estim\u00e9e\" \/>\n\t<meta name=\"twitter:data1\" content=\"7 minutes\" \/>\n<script type=\"application\/ld+json\" class=\"yoast-schema-graph\">{\"@context\":\"https:\/\/schema.org\",\"@graph\":[{\"@type\":\"WebPage\",\"@id\":\"https:\/\/hasler-gp.com\/fr\/politique-de-confidentialite\/\",\"url\":\"https:\/\/hasler-gp.com\/fr\/politique-de-confidentialite\/\",\"name\":\"Politique de confidentialit\u00e9 - HASLER Group\",\"isPartOf\":{\"@id\":\"https:\/\/hasler-gp.com\/fr\/#website\"},\"datePublished\":\"2023-09-27T07:40:01+00:00\",\"dateModified\":\"2024-11-20T13:50:52+00:00\",\"breadcrumb\":{\"@id\":\"https:\/\/hasler-gp.com\/fr\/politique-de-confidentialite\/#breadcrumb\"},\"inLanguage\":\"fr-FR\",\"potentialAction\":[{\"@type\":\"ReadAction\",\"target\":[\"https:\/\/hasler-gp.com\/fr\/politique-de-confidentialite\/\"]}]},{\"@type\":\"BreadcrumbList\",\"@id\":\"https:\/\/hasler-gp.com\/fr\/politique-de-confidentialite\/#breadcrumb\",\"itemListElement\":[{\"@type\":\"ListItem\",\"position\":1,\"name\":\"Accueil\",\"item\":\"https:\/\/hasler-gp.com\/fr\/\"},{\"@type\":\"ListItem\",\"position\":2,\"name\":\"Politique de confidentialit\u00e9\"}]},{\"@type\":\"WebSite\",\"@id\":\"https:\/\/hasler-gp.com\/fr\/#website\",\"url\":\"https:\/\/hasler-gp.com\/fr\/\",\"name\":\"HASLER Group\",\"description\":\"Un site utilisant WordPress\",\"potentialAction\":[{\"@type\":\"SearchAction\",\"target\":{\"@type\":\"EntryPoint\",\"urlTemplate\":\"https:\/\/hasler-gp.com\/fr\/?s={search_term_string}\"},\"query-input\":\"required name=search_term_string\"}],\"inLanguage\":\"fr-FR\"}]}<\/script>\n<!-- \/ Yoast SEO plugin. -->","yoast_head_json":{"title":"Politique de confidentialit\u00e9 - HASLER Group","robots":{"index":"index","follow":"follow","max-snippet":"max-snippet:-1","max-image-preview":"max-image-preview:large","max-video-preview":"max-video-preview:-1"},"canonical":"https:\/\/hasler-gp.com\/fr\/politique-de-confidentialite\/","og_locale":"fr_FR","og_type":"article","og_title":"Politique de confidentialit\u00e9 - HASLER Group","og_description":"Retrouvez ici les informations concernant : 1. Politique donn\u00e9es personnelles 1.1 Introduction HASLER Group accorde une grande importance \u00e0 la protection de vos donn\u00e9es personnelles. Dans le cadre de la collecte de vos donn\u00e9es \u00e0 caract\u00e8re personnel, nous souhaitons vous informer des moyens mis en \u0153uvre et des finalit\u00e9s poursuivies, conform\u00e9ment aux lois, et r\u00e8glements [&hellip;]","og_url":"https:\/\/hasler-gp.com\/fr\/politique-de-confidentialite\/","og_site_name":"HASLER Group","article_modified_time":"2024-11-20T13:50:52+00:00","twitter_card":"summary_large_image","twitter_misc":{"Dur\u00e9e de lecture estim\u00e9e":"7 minutes"},"schema":{"@context":"https:\/\/schema.org","@graph":[{"@type":"WebPage","@id":"https:\/\/hasler-gp.com\/fr\/politique-de-confidentialite\/","url":"https:\/\/hasler-gp.com\/fr\/politique-de-confidentialite\/","name":"Politique de confidentialit\u00e9 - HASLER Group","isPartOf":{"@id":"https:\/\/hasler-gp.com\/fr\/#website"},"datePublished":"2023-09-27T07:40:01+00:00","dateModified":"2024-11-20T13:50:52+00:00","breadcrumb":{"@id":"https:\/\/hasler-gp.com\/fr\/politique-de-confidentialite\/#breadcrumb"},"inLanguage":"fr-FR","potentialAction":[{"@type":"ReadAction","target":["https:\/\/hasler-gp.com\/fr\/politique-de-confidentialite\/"]}]},{"@type":"BreadcrumbList","@id":"https:\/\/hasler-gp.com\/fr\/politique-de-confidentialite\/#breadcrumb","itemListElement":[{"@type":"ListItem","position":1,"name":"Accueil","item":"https:\/\/hasler-gp.com\/fr\/"},{"@type":"ListItem","position":2,"name":"Politique de confidentialit\u00e9"}]},{"@type":"WebSite","@id":"https:\/\/hasler-gp.com\/fr\/#website","url":"https:\/\/hasler-gp.com\/fr\/","name":"HASLER Group","description":"Un site utilisant WordPress","potentialAction":[{"@type":"SearchAction","target":{"@type":"EntryPoint","urlTemplate":"https:\/\/hasler-gp.com\/fr\/?s={search_term_string}"},"query-input":"required name=search_term_string"}],"inLanguage":"fr-FR"}]}},"_links":{"self":[{"href":"https:\/\/hasler-gp.com\/fr\/wp-json\/wp\/v2\/pages\/1125"}],"collection":[{"href":"https:\/\/hasler-gp.com\/fr\/wp-json\/wp\/v2\/pages"}],"about":[{"href":"https:\/\/hasler-gp.com\/fr\/wp-json\/wp\/v2\/types\/page"}],"author":[{"embeddable":true,"href":"https:\/\/hasler-gp.com\/fr\/wp-json\/wp\/v2\/users\/1"}],"replies":[{"embeddable":true,"href":"https:\/\/hasler-gp.com\/fr\/wp-json\/wp\/v2\/comments?post=1125"}],"version-history":[{"count":4,"href":"https:\/\/hasler-gp.com\/fr\/wp-json\/wp\/v2\/pages\/1125\/revisions"}],"predecessor-version":[{"id":13537,"href":"https:\/\/hasler-gp.com\/fr\/wp-json\/wp\/v2\/pages\/1125\/revisions\/13537"}],"wp:attachment":[{"href":"https:\/\/hasler-gp.com\/fr\/wp-json\/wp\/v2\/media?parent=1125"}],"curies":[{"name":"wp","href":"https:\/\/api.w.org\/{rel}","templated":true}]}}