{"id":1163,"date":"2023-11-27T09:18:11","date_gmt":"2023-11-27T08:18:11","guid":{"rendered":"http:\/\/hasler-gp.com\/legals\/"},"modified":"2024-11-20T11:47:45","modified_gmt":"2024-11-20T10:47:45","slug":"legals","status":"publish","type":"page","link":"https:\/\/hasler-gp.com\/fr\/legals\/","title":{"rendered":"Legals"},"content":{"rendered":"\n<h2 class=\"wp-block-heading\">Introduction<\/h2>\n\n\n\n<p>Devant le d\u00e9veloppement des nouveaux outils de communication, il est n\u00e9cessaire de porter une attention particuli\u00e8re \u00e0 la protection de la vie priv\u00e9e. C\u2019est pourquoi, nous nous engageons \u00e0 respecter la confidentialit\u00e9 des renseignements personnels que nous collectons.<\/p>\n\n\n\n<h2 class=\"wp-block-heading\">Collecte des renseignements personnels<\/h2>\n\n\n\n<p>Nous collectons les renseignements suivants :<\/p>\n\n\n\n<ul>\n<li>Nom<\/li>\n\n\n\n<li>Pr\u00e9nom<\/li>\n\n\n\n<li>Adresse postale<\/li>\n\n\n\n<li>Code postal<\/li>\n\n\n\n<li>Adresse \u00e9lectronique<\/li>\n\n\n\n<li>Num\u00e9ro de t\u00e9l\u00e9phone \/ t\u00e9l\u00e9copieur<\/li>\n\n\n\n<li>Genre \/ Sexe<\/li>\n\n\n\n<li>\u00c2ge \/ Date de naissance<\/li>\n\n\n\n<li>Scolarit\u00e9 \/ Formation<\/li>\n\n\n\n<li>Profession<\/li>\n<\/ul>\n\n\n\n<p>Les renseignements personnels que nous collectons sont recueillis au travers de formulaires et gr\u00e2ce \u00e0 l\u2019interactivit\u00e9 \u00e9tablie entre vous et notre site Web. Nous utilisons \u00e9galement, comme indiqu\u00e9 dans la section suivante, des fichiers t\u00e9moins et\/ou journaux pour r\u00e9unir des informations vous concernant.<\/p>\n\n\n\n<h3 class=\"wp-block-heading\">Formulaires et interactivit\u00e9:<\/h3>\n\n\n\n<p>Vos renseignements personnels sont collect\u00e9s par le biais de formulaire, \u00e0 savoir :<\/p>\n\n\n\n<ul>\n<li>Formulaire d\u2019inscription au site Web<\/li>\n<\/ul>\n\n\n\n<p>Nous utilisons les renseignements ainsi collect\u00e9s pour les finalit\u00e9s suivantes :<\/p>\n\n\n\n<ul>\n<li>Contact<\/li>\n\n\n\n<li>Gestion du site Web (pr\u00e9sentation, organisation)<\/li>\n<\/ul>\n\n\n\n<p>Vos renseignements sont \u00e9galement collect\u00e9s par le biais de l\u2019interactivit\u00e9 pouvant s\u2019\u00e9tablir entre vous et notre site Web et ce, de la fa\u00e7on suivante:<\/p>\n\n\n\n<ul>\n<li>Contact<\/li>\n<\/ul>\n\n\n\n<p>Nous utilisons les renseignements ainsi collect\u00e9s pour les finalit\u00e9s suivantes :<\/p>\n\n\n\n<h2 class=\"wp-block-heading\">Droit d\u2019opposition et de retrait<\/h2>\n\n\n\n<p>Nous nous engageons \u00e0 vous offrir un droit d\u2019opposition et de retrait quant \u00e0 vos renseignements personnels. Le droit d\u2019opposition s\u2019entend comme \u00e9tant la possiblit\u00e9 offerte aux internautes de refuser que leurs renseignements personnels soient utilis\u00e9es \u00e0 certaines fins mentionn\u00e9es lors de la collecte. Le droit de retrait s\u2019entend comme \u00e9tant la possiblit\u00e9 offerte aux internautes de demander \u00e0 ce que leurs renseignements personnels ne figurent plus, par exemple, dans une liste de diffusion. Pour pouvoir exercer ces droits, vous pouvez nous \u00e9crire \u00e0 :<br>HASLER Group<br>496, rue Louis Br\u00e9guet \u2013 Z.I. de l\u2019Abbaye,<br>38780\u00a0PONT-EVEQUE<br>T\u00e9l\u00e9phone : 0474161261 ou nous envoyer un email depuis notre formulaire de contact :\u00a0<a href=\"https:\/\/hasler-gp.com\/fr\/nous-contacter\/\">https:\/\/hasler-gp.com\/contact\/<\/a><\/p>\n\n\n\n<h2 class=\"wp-block-heading\">Droit d\u2019acc\u00e8s<\/h2>\n\n\n\n<p>Nous nous engageons \u00e0 reconna\u00eetre un droit d\u2019acc\u00e8s et de rectification aux personnes concern\u00e9es d\u00e9sireuses de consulter, modifier, voire radier les informations les concernant.<\/p>\n\n\n\n<p>L\u2019exercice de ce droit peut se faire en nous envoyant un courier \u00e0 :<br>HASLER Group<br>496, rue Louis Br\u00e9guet \u2013 Z.I. de l\u2019Abbaye,<br>38780\u00a0PONT-EVEQUE<br>T\u00e9l\u00e9phone : 0474161261<br>ou nous envoyer un email depuis notre formulaire de contact :\u00a0<a href=\"https:\/\/hasler-gp.com\/fr\/nous-contacter\/\">https:\/\/hasler-gp.com\/contact\/<\/a><\/p>\n\n\n\n<h2 class=\"wp-block-heading\">L\u00e9gislation<\/h2>\n\n\n\n<p>Vous pouvez demander des d\u00e9tails sur les renseignements personnels que nous d\u00e9tenons \u00e0 votre sujet dans le cadre de la la loi Informatique et Libert\u00e9s du 6 janvier 1978, vous disposez d\u2019un droit d\u2019acc\u00e8s et de rectification aux donn\u00e9es personnelles vous concernant. Seule notre soci\u00e9t\u00e9 est destinataire des informations que vous lui communiquez. Si vous souhaitez obtenir une copie des informations d\u00e9tenues sur vous, veuillez nous \u00e9crire \u00e0 :<br>HASLER Group<br>496, rue Louis Br\u00e9guet \u2013 Z.I. de l\u2019Abbaye,<br>38780\u00a0PONT-EVQUE<br>T\u00e9l\u00e9phone : 0474161261<br>ou nous envoyer un email depuis notre formulaire de contact :<a href=\"https:\/\/hasler-gp.com\/fr\/nous-contacter\/\">https:\/\/hasler-gp.com\/contact\/<\/a><\/p>\n\n\n\n<p>Si vous croyez que les informations que nous d\u00e9tenons \u00e0 votre sujet sont inexactes ou incomplets, s\u2019il vous pla\u00eet nous \u00e9crire ou nous envoyer un courriel d\u00e8s que possible, \u00e0 l\u2019adresse ci-dessus. Nous allons corriger sans d\u00e9lai toute information jug\u00e9e inexacte.<\/p>\n\n\n\n<p><a href=\"https:\/\/hasler-gp.com\/#facebook\" rel=\"noreferrer noopener\" target=\"_blank\"><strong><\/strong><\/a><\/p>\n","protected":false},"excerpt":{"rendered":"<p>Introduction Devant le d\u00e9veloppement des nouveaux outils de communication, il est n\u00e9cessaire de porter une attention particuli\u00e8re \u00e0 la protection de la vie priv\u00e9e. C\u2019est pourquoi, nous nous engageons \u00e0 respecter la confidentialit\u00e9 des renseignements personnels que nous collectons. Collecte des renseignements personnels Nous collectons les renseignements suivants : Les renseignements personnels que nous collectons [&hellip;]<\/p>\n","protected":false},"author":1,"featured_media":0,"parent":0,"menu_order":48,"comment_status":"closed","ping_status":"closed","template":"","meta":{"footnotes":"","_wp_rev_ctl_limit":""},"acf":[],"yoast_head":"<!-- This site is optimized with the Yoast SEO plugin v20.0 - https:\/\/yoast.com\/wordpress\/plugins\/seo\/ -->\n<title>Legals - HASLER Group<\/title>\n<meta name=\"robots\" content=\"index, follow, max-snippet:-1, max-image-preview:large, max-video-preview:-1\" \/>\n<link rel=\"canonical\" href=\"https:\/\/hasler-gp.com\/fr\/legals\/\" \/>\n<meta property=\"og:locale\" content=\"fr_FR\" \/>\n<meta property=\"og:type\" content=\"article\" \/>\n<meta property=\"og:title\" content=\"Legals - HASLER Group\" \/>\n<meta property=\"og:description\" content=\"Introduction Devant le d\u00e9veloppement des nouveaux outils de communication, il est n\u00e9cessaire de porter une attention particuli\u00e8re \u00e0 la protection de la vie priv\u00e9e. C\u2019est pourquoi, nous nous engageons \u00e0 respecter la confidentialit\u00e9 des renseignements personnels que nous collectons. Collecte des renseignements personnels Nous collectons les renseignements suivants : Les renseignements personnels que nous collectons [&hellip;]\" \/>\n<meta property=\"og:url\" content=\"https:\/\/hasler-gp.com\/fr\/legals\/\" \/>\n<meta property=\"og:site_name\" content=\"HASLER Group\" \/>\n<meta property=\"article:modified_time\" content=\"2024-11-20T10:47:45+00:00\" \/>\n<meta name=\"twitter:card\" content=\"summary_large_image\" \/>\n<meta name=\"twitter:label1\" content=\"Dur\u00e9e de lecture estim\u00e9e\" \/>\n\t<meta name=\"twitter:data1\" content=\"3 minutes\" \/>\n<script type=\"application\/ld+json\" class=\"yoast-schema-graph\">{\"@context\":\"https:\/\/schema.org\",\"@graph\":[{\"@type\":\"WebPage\",\"@id\":\"https:\/\/hasler-gp.com\/fr\/legals\/\",\"url\":\"https:\/\/hasler-gp.com\/fr\/legals\/\",\"name\":\"Legals - HASLER Group\",\"isPartOf\":{\"@id\":\"https:\/\/hasler-gp.com\/fr\/#website\"},\"datePublished\":\"2023-11-27T08:18:11+00:00\",\"dateModified\":\"2024-11-20T10:47:45+00:00\",\"breadcrumb\":{\"@id\":\"https:\/\/hasler-gp.com\/fr\/legals\/#breadcrumb\"},\"inLanguage\":\"fr-FR\",\"potentialAction\":[{\"@type\":\"ReadAction\",\"target\":[\"https:\/\/hasler-gp.com\/fr\/legals\/\"]}]},{\"@type\":\"BreadcrumbList\",\"@id\":\"https:\/\/hasler-gp.com\/fr\/legals\/#breadcrumb\",\"itemListElement\":[{\"@type\":\"ListItem\",\"position\":1,\"name\":\"Accueil\",\"item\":\"https:\/\/hasler-gp.com\/fr\/\"},{\"@type\":\"ListItem\",\"position\":2,\"name\":\"Legals\"}]},{\"@type\":\"WebSite\",\"@id\":\"https:\/\/hasler-gp.com\/fr\/#website\",\"url\":\"https:\/\/hasler-gp.com\/fr\/\",\"name\":\"HASLER Group\",\"description\":\"Un site utilisant WordPress\",\"potentialAction\":[{\"@type\":\"SearchAction\",\"target\":{\"@type\":\"EntryPoint\",\"urlTemplate\":\"https:\/\/hasler-gp.com\/fr\/?s={search_term_string}\"},\"query-input\":\"required name=search_term_string\"}],\"inLanguage\":\"fr-FR\"}]}<\/script>\n<!-- \/ Yoast SEO plugin. -->","yoast_head_json":{"title":"Legals - HASLER Group","robots":{"index":"index","follow":"follow","max-snippet":"max-snippet:-1","max-image-preview":"max-image-preview:large","max-video-preview":"max-video-preview:-1"},"canonical":"https:\/\/hasler-gp.com\/fr\/legals\/","og_locale":"fr_FR","og_type":"article","og_title":"Legals - HASLER Group","og_description":"Introduction Devant le d\u00e9veloppement des nouveaux outils de communication, il est n\u00e9cessaire de porter une attention particuli\u00e8re \u00e0 la protection de la vie priv\u00e9e. C\u2019est pourquoi, nous nous engageons \u00e0 respecter la confidentialit\u00e9 des renseignements personnels que nous collectons. Collecte des renseignements personnels Nous collectons les renseignements suivants : Les renseignements personnels que nous collectons [&hellip;]","og_url":"https:\/\/hasler-gp.com\/fr\/legals\/","og_site_name":"HASLER Group","article_modified_time":"2024-11-20T10:47:45+00:00","twitter_card":"summary_large_image","twitter_misc":{"Dur\u00e9e de lecture estim\u00e9e":"3 minutes"},"schema":{"@context":"https:\/\/schema.org","@graph":[{"@type":"WebPage","@id":"https:\/\/hasler-gp.com\/fr\/legals\/","url":"https:\/\/hasler-gp.com\/fr\/legals\/","name":"Legals - HASLER Group","isPartOf":{"@id":"https:\/\/hasler-gp.com\/fr\/#website"},"datePublished":"2023-11-27T08:18:11+00:00","dateModified":"2024-11-20T10:47:45+00:00","breadcrumb":{"@id":"https:\/\/hasler-gp.com\/fr\/legals\/#breadcrumb"},"inLanguage":"fr-FR","potentialAction":[{"@type":"ReadAction","target":["https:\/\/hasler-gp.com\/fr\/legals\/"]}]},{"@type":"BreadcrumbList","@id":"https:\/\/hasler-gp.com\/fr\/legals\/#breadcrumb","itemListElement":[{"@type":"ListItem","position":1,"name":"Accueil","item":"https:\/\/hasler-gp.com\/fr\/"},{"@type":"ListItem","position":2,"name":"Legals"}]},{"@type":"WebSite","@id":"https:\/\/hasler-gp.com\/fr\/#website","url":"https:\/\/hasler-gp.com\/fr\/","name":"HASLER Group","description":"Un site utilisant WordPress","potentialAction":[{"@type":"SearchAction","target":{"@type":"EntryPoint","urlTemplate":"https:\/\/hasler-gp.com\/fr\/?s={search_term_string}"},"query-input":"required name=search_term_string"}],"inLanguage":"fr-FR"}]}},"_links":{"self":[{"href":"https:\/\/hasler-gp.com\/fr\/wp-json\/wp\/v2\/pages\/1163"}],"collection":[{"href":"https:\/\/hasler-gp.com\/fr\/wp-json\/wp\/v2\/pages"}],"about":[{"href":"https:\/\/hasler-gp.com\/fr\/wp-json\/wp\/v2\/types\/page"}],"author":[{"embeddable":true,"href":"https:\/\/hasler-gp.com\/fr\/wp-json\/wp\/v2\/users\/1"}],"replies":[{"embeddable":true,"href":"https:\/\/hasler-gp.com\/fr\/wp-json\/wp\/v2\/comments?post=1163"}],"version-history":[{"count":1,"href":"https:\/\/hasler-gp.com\/fr\/wp-json\/wp\/v2\/pages\/1163\/revisions"}],"predecessor-version":[{"id":13524,"href":"https:\/\/hasler-gp.com\/fr\/wp-json\/wp\/v2\/pages\/1163\/revisions\/13524"}],"wp:attachment":[{"href":"https:\/\/hasler-gp.com\/fr\/wp-json\/wp\/v2\/media?parent=1163"}],"curies":[{"name":"wp","href":"https:\/\/api.w.org\/{rel}","templated":true}]}}