{"id":1180,"date":"2023-09-27T10:39:52","date_gmt":"2023-09-27T08:39:52","guid":{"rendered":"http:\/\/hasler-gp.com\/home\/"},"modified":"2025-08-12T13:55:38","modified_gmt":"2025-08-12T11:55:38","slug":"accueil","status":"publish","type":"page","link":"https:\/\/hasler-gp.com\/fr\/","title":{"rendered":"Accueil"},"content":{"rendered":"","protected":false},"excerpt":{"rendered":"","protected":false},"author":1,"featured_media":0,"parent":0,"menu_order":70,"comment_status":"closed","ping_status":"closed","template":"builder.php","meta":{"footnotes":"","_wp_rev_ctl_limit":""},"acf":[],"yoast_head":"<!-- This site is optimized with the Yoast SEO plugin v20.0 - https:\/\/yoast.com\/wordpress\/plugins\/seo\/ -->\n<title>Solutions industrielles de Dosage, Filtration, Agitation et Malaxage | Hasler<\/title>\n<meta name=\"description\" content=\"HASLER Group, l&#039;unique expert en dosage, filtration, agitation et malaxage industriel pour les op\u00e9rations de proc\u00e9d\u00e9s continus\" \/>\n<meta name=\"robots\" content=\"index, follow, max-snippet:-1, max-image-preview:large, max-video-preview:-1\" \/>\n<link rel=\"canonical\" href=\"https:\/\/hasler-gp.com\/fr\/\" \/>\n<meta property=\"og:locale\" content=\"fr_FR\" \/>\n<meta property=\"og:type\" content=\"article\" \/>\n<meta property=\"og:title\" content=\"Solutions industrielles de Dosage, Filtration, Agitation et Malaxage | Hasler\" \/>\n<meta property=\"og:description\" content=\"HASLER Group, l&#039;unique expert en dosage, filtration, agitation et malaxage industriel pour les op\u00e9rations de proc\u00e9d\u00e9s continus\" \/>\n<meta property=\"og:url\" content=\"https:\/\/hasler-gp.com\/fr\/\" \/>\n<meta property=\"og:site_name\" content=\"HASLER Group\" \/>\n<meta property=\"article:modified_time\" content=\"2025-08-12T11:55:38+00:00\" \/>\n<meta name=\"twitter:card\" content=\"summary_large_image\" \/>\n<script type=\"application\/ld+json\" class=\"yoast-schema-graph\">{\"@context\":\"https:\/\/schema.org\",\"@graph\":[{\"@type\":\"WebPage\",\"@id\":\"https:\/\/hasler-gp.com\/fr\/\",\"url\":\"https:\/\/hasler-gp.com\/fr\/\",\"name\":\"Solutions industrielles de Dosage, Filtration, Agitation et Malaxage | Hasler\",\"isPartOf\":{\"@id\":\"https:\/\/hasler-gp.com\/fr\/#website\"},\"datePublished\":\"2023-09-27T08:39:52+00:00\",\"dateModified\":\"2025-08-12T11:55:38+00:00\",\"description\":\"HASLER Group, l'unique expert en dosage, filtration, agitation et malaxage industriel pour les op\u00e9rations de proc\u00e9d\u00e9s continus\",\"breadcrumb\":{\"@id\":\"https:\/\/hasler-gp.com\/fr\/#breadcrumb\"},\"inLanguage\":\"fr-FR\",\"potentialAction\":[{\"@type\":\"ReadAction\",\"target\":[\"https:\/\/hasler-gp.com\/fr\/\"]}]},{\"@type\":\"BreadcrumbList\",\"@id\":\"https:\/\/hasler-gp.com\/fr\/#breadcrumb\",\"itemListElement\":[{\"@type\":\"ListItem\",\"position\":1,\"name\":\"Accueil\",\"item\":\"https:\/\/hasler-gp.com\/fr\/\"},{\"@type\":\"ListItem\",\"position\":2,\"name\":\"Accueil\"}]},{\"@type\":\"WebSite\",\"@id\":\"https:\/\/hasler-gp.com\/fr\/#website\",\"url\":\"https:\/\/hasler-gp.com\/fr\/\",\"name\":\"HASLER Group\",\"description\":\"Un site utilisant WordPress\",\"potentialAction\":[{\"@type\":\"SearchAction\",\"target\":{\"@type\":\"EntryPoint\",\"urlTemplate\":\"https:\/\/hasler-gp.com\/fr\/?s={search_term_string}\"},\"query-input\":\"required name=search_term_string\"}],\"inLanguage\":\"fr-FR\"}]}<\/script>\n<!-- \/ Yoast SEO plugin. -->","yoast_head_json":{"title":"Solutions industrielles de Dosage, Filtration, Agitation et Malaxage | Hasler","description":"HASLER Group, l'unique expert en dosage, filtration, agitation et malaxage industriel pour les op\u00e9rations de proc\u00e9d\u00e9s continus","robots":{"index":"index","follow":"follow","max-snippet":"max-snippet:-1","max-image-preview":"max-image-preview:large","max-video-preview":"max-video-preview:-1"},"canonical":"https:\/\/hasler-gp.com\/fr\/","og_locale":"fr_FR","og_type":"article","og_title":"Solutions industrielles de Dosage, Filtration, Agitation et Malaxage | Hasler","og_description":"HASLER Group, l'unique expert en dosage, filtration, agitation et malaxage industriel pour les op\u00e9rations de proc\u00e9d\u00e9s continus","og_url":"https:\/\/hasler-gp.com\/fr\/","og_site_name":"HASLER Group","article_modified_time":"2025-08-12T11:55:38+00:00","twitter_card":"summary_large_image","schema":{"@context":"https:\/\/schema.org","@graph":[{"@type":"WebPage","@id":"https:\/\/hasler-gp.com\/fr\/","url":"https:\/\/hasler-gp.com\/fr\/","name":"Solutions industrielles de Dosage, Filtration, Agitation et Malaxage | Hasler","isPartOf":{"@id":"https:\/\/hasler-gp.com\/fr\/#website"},"datePublished":"2023-09-27T08:39:52+00:00","dateModified":"2025-08-12T11:55:38+00:00","description":"HASLER Group, l'unique expert en dosage, filtration, agitation et malaxage industriel pour les op\u00e9rations de proc\u00e9d\u00e9s continus","breadcrumb":{"@id":"https:\/\/hasler-gp.com\/fr\/#breadcrumb"},"inLanguage":"fr-FR","potentialAction":[{"@type":"ReadAction","target":["https:\/\/hasler-gp.com\/fr\/"]}]},{"@type":"BreadcrumbList","@id":"https:\/\/hasler-gp.com\/fr\/#breadcrumb","itemListElement":[{"@type":"ListItem","position":1,"name":"Accueil","item":"https:\/\/hasler-gp.com\/fr\/"},{"@type":"ListItem","position":2,"name":"Accueil"}]},{"@type":"WebSite","@id":"https:\/\/hasler-gp.com\/fr\/#website","url":"https:\/\/hasler-gp.com\/fr\/","name":"HASLER Group","description":"Un site utilisant WordPress","potentialAction":[{"@type":"SearchAction","target":{"@type":"EntryPoint","urlTemplate":"https:\/\/hasler-gp.com\/fr\/?s={search_term_string}"},"query-input":"required name=search_term_string"}],"inLanguage":"fr-FR"}]}},"_links":{"self":[{"href":"https:\/\/hasler-gp.com\/fr\/wp-json\/wp\/v2\/pages\/1180"}],"collection":[{"href":"https:\/\/hasler-gp.com\/fr\/wp-json\/wp\/v2\/pages"}],"about":[{"href":"https:\/\/hasler-gp.com\/fr\/wp-json\/wp\/v2\/types\/page"}],"author":[{"embeddable":true,"href":"https:\/\/hasler-gp.com\/fr\/wp-json\/wp\/v2\/users\/1"}],"replies":[{"embeddable":true,"href":"https:\/\/hasler-gp.com\/fr\/wp-json\/wp\/v2\/comments?post=1180"}],"version-history":[{"count":10,"href":"https:\/\/hasler-gp.com\/fr\/wp-json\/wp\/v2\/pages\/1180\/revisions"}],"predecessor-version":[{"id":14838,"href":"https:\/\/hasler-gp.com\/fr\/wp-json\/wp\/v2\/pages\/1180\/revisions\/14838"}],"wp:attachment":[{"href":"https:\/\/hasler-gp.com\/fr\/wp-json\/wp\/v2\/media?parent=1180"}],"curies":[{"name":"wp","href":"https:\/\/api.w.org\/{rel}","templated":true}]}}