{"id":1189,"date":"2023-11-02T16:17:40","date_gmt":"2023-11-02T15:17:40","guid":{"rendered":"http:\/\/hasler-gp.com\/the-group\/"},"modified":"2026-03-25T13:26:32","modified_gmt":"2026-03-25T12:26:32","slug":"le-groupe","status":"publish","type":"page","link":"https:\/\/hasler-gp.com\/fr\/le-groupe\/","title":{"rendered":"Le Groupe"},"content":{"rendered":"","protected":false},"excerpt":{"rendered":"","protected":false},"author":1,"featured_media":0,"parent":0,"menu_order":102,"comment_status":"closed","ping_status":"closed","template":"builder.php","meta":{"footnotes":"","_wp_rev_ctl_limit":""},"acf":[],"yoast_head":"<!-- This site is optimized with the Yoast SEO plugin v20.0 - https:\/\/yoast.com\/wordpress\/plugins\/seo\/ -->\n<title>Le Groupe - HASLER Group<\/title>\n<meta name=\"description\" content=\"D\u00e9couvrez les solutions industrielles multi-expertises pour la performance des proc\u00e9d\u00e9s continus : dosage, filtration, agitation &amp; malaxage.\" \/>\n<meta name=\"robots\" content=\"index, follow, max-snippet:-1, max-image-preview:large, max-video-preview:-1\" \/>\n<link rel=\"canonical\" href=\"https:\/\/hasler-gp.com\/fr\/le-groupe\/\" \/>\n<meta property=\"og:locale\" content=\"fr_FR\" \/>\n<meta property=\"og:type\" content=\"article\" \/>\n<meta property=\"og:title\" content=\"Le Groupe - HASLER Group\" \/>\n<meta property=\"og:description\" content=\"D\u00e9couvrez les solutions industrielles multi-expertises pour la performance des proc\u00e9d\u00e9s continus : dosage, filtration, agitation &amp; malaxage.\" \/>\n<meta property=\"og:url\" content=\"https:\/\/hasler-gp.com\/fr\/le-groupe\/\" \/>\n<meta property=\"og:site_name\" content=\"HASLER Group\" \/>\n<meta property=\"article:modified_time\" content=\"2026-03-25T12:26:32+00:00\" \/>\n<meta name=\"twitter:card\" content=\"summary_large_image\" \/>\n<script type=\"application\/ld+json\" class=\"yoast-schema-graph\">{\"@context\":\"https:\/\/schema.org\",\"@graph\":[{\"@type\":\"WebPage\",\"@id\":\"https:\/\/hasler-gp.com\/fr\/le-groupe\/\",\"url\":\"https:\/\/hasler-gp.com\/fr\/le-groupe\/\",\"name\":\"Le Groupe - HASLER Group\",\"isPartOf\":{\"@id\":\"https:\/\/hasler-gp.com\/fr\/#website\"},\"datePublished\":\"2023-11-02T15:17:40+00:00\",\"dateModified\":\"2026-03-25T12:26:32+00:00\",\"description\":\"D\u00e9couvrez les solutions industrielles multi-expertises pour la performance des proc\u00e9d\u00e9s continus : dosage, filtration, agitation & malaxage.\",\"breadcrumb\":{\"@id\":\"https:\/\/hasler-gp.com\/fr\/le-groupe\/#breadcrumb\"},\"inLanguage\":\"fr-FR\",\"potentialAction\":[{\"@type\":\"ReadAction\",\"target\":[\"https:\/\/hasler-gp.com\/fr\/le-groupe\/\"]}]},{\"@type\":\"BreadcrumbList\",\"@id\":\"https:\/\/hasler-gp.com\/fr\/le-groupe\/#breadcrumb\",\"itemListElement\":[{\"@type\":\"ListItem\",\"position\":1,\"name\":\"Accueil\",\"item\":\"https:\/\/hasler-gp.com\/fr\/\"},{\"@type\":\"ListItem\",\"position\":2,\"name\":\"Le Groupe\"}]},{\"@type\":\"WebSite\",\"@id\":\"https:\/\/hasler-gp.com\/fr\/#website\",\"url\":\"https:\/\/hasler-gp.com\/fr\/\",\"name\":\"HASLER Group\",\"description\":\"Un site utilisant WordPress\",\"potentialAction\":[{\"@type\":\"SearchAction\",\"target\":{\"@type\":\"EntryPoint\",\"urlTemplate\":\"https:\/\/hasler-gp.com\/fr\/?s={search_term_string}\"},\"query-input\":\"required name=search_term_string\"}],\"inLanguage\":\"fr-FR\"}]}<\/script>\n<!-- \/ Yoast SEO plugin. -->","yoast_head_json":{"title":"Le Groupe - HASLER Group","description":"D\u00e9couvrez les solutions industrielles multi-expertises pour la performance des proc\u00e9d\u00e9s continus : dosage, filtration, agitation & malaxage.","robots":{"index":"index","follow":"follow","max-snippet":"max-snippet:-1","max-image-preview":"max-image-preview:large","max-video-preview":"max-video-preview:-1"},"canonical":"https:\/\/hasler-gp.com\/fr\/le-groupe\/","og_locale":"fr_FR","og_type":"article","og_title":"Le Groupe - HASLER Group","og_description":"D\u00e9couvrez les solutions industrielles multi-expertises pour la performance des proc\u00e9d\u00e9s continus : dosage, filtration, agitation & malaxage.","og_url":"https:\/\/hasler-gp.com\/fr\/le-groupe\/","og_site_name":"HASLER Group","article_modified_time":"2026-03-25T12:26:32+00:00","twitter_card":"summary_large_image","schema":{"@context":"https:\/\/schema.org","@graph":[{"@type":"WebPage","@id":"https:\/\/hasler-gp.com\/fr\/le-groupe\/","url":"https:\/\/hasler-gp.com\/fr\/le-groupe\/","name":"Le Groupe - HASLER Group","isPartOf":{"@id":"https:\/\/hasler-gp.com\/fr\/#website"},"datePublished":"2023-11-02T15:17:40+00:00","dateModified":"2026-03-25T12:26:32+00:00","description":"D\u00e9couvrez les solutions industrielles multi-expertises pour la performance des proc\u00e9d\u00e9s continus : dosage, filtration, agitation & malaxage.","breadcrumb":{"@id":"https:\/\/hasler-gp.com\/fr\/le-groupe\/#breadcrumb"},"inLanguage":"fr-FR","potentialAction":[{"@type":"ReadAction","target":["https:\/\/hasler-gp.com\/fr\/le-groupe\/"]}]},{"@type":"BreadcrumbList","@id":"https:\/\/hasler-gp.com\/fr\/le-groupe\/#breadcrumb","itemListElement":[{"@type":"ListItem","position":1,"name":"Accueil","item":"https:\/\/hasler-gp.com\/fr\/"},{"@type":"ListItem","position":2,"name":"Le Groupe"}]},{"@type":"WebSite","@id":"https:\/\/hasler-gp.com\/fr\/#website","url":"https:\/\/hasler-gp.com\/fr\/","name":"HASLER Group","description":"Un site utilisant WordPress","potentialAction":[{"@type":"SearchAction","target":{"@type":"EntryPoint","urlTemplate":"https:\/\/hasler-gp.com\/fr\/?s={search_term_string}"},"query-input":"required name=search_term_string"}],"inLanguage":"fr-FR"}]}},"_links":{"self":[{"href":"https:\/\/hasler-gp.com\/fr\/wp-json\/wp\/v2\/pages\/1189"}],"collection":[{"href":"https:\/\/hasler-gp.com\/fr\/wp-json\/wp\/v2\/pages"}],"about":[{"href":"https:\/\/hasler-gp.com\/fr\/wp-json\/wp\/v2\/types\/page"}],"author":[{"embeddable":true,"href":"https:\/\/hasler-gp.com\/fr\/wp-json\/wp\/v2\/users\/1"}],"replies":[{"embeddable":true,"href":"https:\/\/hasler-gp.com\/fr\/wp-json\/wp\/v2\/comments?post=1189"}],"version-history":[{"count":9,"href":"https:\/\/hasler-gp.com\/fr\/wp-json\/wp\/v2\/pages\/1189\/revisions"}],"predecessor-version":[{"id":15600,"href":"https:\/\/hasler-gp.com\/fr\/wp-json\/wp\/v2\/pages\/1189\/revisions\/15600"}],"wp:attachment":[{"href":"https:\/\/hasler-gp.com\/fr\/wp-json\/wp\/v2\/media?parent=1189"}],"curies":[{"name":"wp","href":"https:\/\/api.w.org\/{rel}","templated":true}]}}