{"id":2989,"date":"2024-02-14T11:28:53","date_gmt":"2024-02-14T10:28:53","guid":{"rendered":"http:\/\/hasler-gp.com\/?page_id=2989"},"modified":"2025-06-12T16:36:03","modified_gmt":"2025-06-12T14:36:03","slug":"audit-mecanique","status":"publish","type":"page","link":"https:\/\/hasler-gp.com\/fr\/services\/audit-mecanique\/","title":{"rendered":"Audit m\u00e9canique"},"content":{"rendered":"","protected":false},"excerpt":{"rendered":"","protected":false},"author":3,"featured_media":0,"parent":1187,"menu_order":36,"comment_status":"closed","ping_status":"closed","template":"builder.php","meta":{"footnotes":"","_wp_rev_ctl_limit":""},"acf":[],"yoast_head":"<!-- This site is optimized with the Yoast SEO plugin v20.0 - https:\/\/yoast.com\/wordpress\/plugins\/seo\/ -->\n<title>Audit m\u00e9canique industriel - Etat des lieux \u00e9quipements industriels - HASLER GROUP<\/title>\n<meta name=\"description\" content=\"Boostez la performance de vos solutions de dosage industriel, de filtration, d&#039;agitation et de malaxage avec l&#039;audit m\u00e9canique industriel HASLER Group, bilan de sant\u00e9 de vos \u00e9quipements.\" \/>\n<meta name=\"robots\" content=\"index, follow, max-snippet:-1, max-image-preview:large, max-video-preview:-1\" \/>\n<link rel=\"canonical\" href=\"https:\/\/hasler-gp.com\/fr\/services\/audit-mecanique\/\" \/>\n<meta property=\"og:locale\" content=\"fr_FR\" \/>\n<meta property=\"og:type\" content=\"article\" \/>\n<meta property=\"og:title\" content=\"Audit m\u00e9canique industriel - Etat des lieux \u00e9quipements industriels - HASLER GROUP\" \/>\n<meta property=\"og:description\" content=\"Boostez la performance de vos solutions de dosage industriel, de filtration, d&#039;agitation et de malaxage avec l&#039;audit m\u00e9canique industriel HASLER Group, bilan de sant\u00e9 de vos \u00e9quipements.\" \/>\n<meta property=\"og:url\" content=\"https:\/\/hasler-gp.com\/fr\/services\/audit-mecanique\/\" \/>\n<meta property=\"og:site_name\" content=\"HASLER Group\" \/>\n<meta property=\"article:modified_time\" content=\"2025-06-12T14:36:03+00:00\" \/>\n<meta name=\"twitter:card\" content=\"summary_large_image\" \/>\n<script type=\"application\/ld+json\" class=\"yoast-schema-graph\">{\"@context\":\"https:\/\/schema.org\",\"@graph\":[{\"@type\":\"WebPage\",\"@id\":\"https:\/\/hasler-gp.com\/fr\/services\/audit-mecanique\/\",\"url\":\"https:\/\/hasler-gp.com\/fr\/services\/audit-mecanique\/\",\"name\":\"Audit m\u00e9canique industriel - Etat des lieux \u00e9quipements industriels - HASLER GROUP\",\"isPartOf\":{\"@id\":\"https:\/\/hasler-gp.com\/fr\/#website\"},\"datePublished\":\"2024-02-14T10:28:53+00:00\",\"dateModified\":\"2025-06-12T14:36:03+00:00\",\"description\":\"Boostez la performance de vos solutions de dosage industriel, de filtration, d'agitation et de malaxage avec l'audit m\u00e9canique industriel HASLER Group, bilan de sant\u00e9 de vos \u00e9quipements.\",\"breadcrumb\":{\"@id\":\"https:\/\/hasler-gp.com\/fr\/services\/audit-mecanique\/#breadcrumb\"},\"inLanguage\":\"fr-FR\",\"potentialAction\":[{\"@type\":\"ReadAction\",\"target\":[\"https:\/\/hasler-gp.com\/fr\/services\/audit-mecanique\/\"]}]},{\"@type\":\"BreadcrumbList\",\"@id\":\"https:\/\/hasler-gp.com\/fr\/services\/audit-mecanique\/#breadcrumb\",\"itemListElement\":[{\"@type\":\"ListItem\",\"position\":1,\"name\":\"Accueil\",\"item\":\"https:\/\/hasler-gp.com\/fr\/\"},{\"@type\":\"ListItem\",\"position\":2,\"name\":\"SERVICES\",\"item\":\"https:\/\/hasler-gp.com\/fr\/services\/\"},{\"@type\":\"ListItem\",\"position\":3,\"name\":\"Audit m\u00e9canique\"}]},{\"@type\":\"WebSite\",\"@id\":\"https:\/\/hasler-gp.com\/fr\/#website\",\"url\":\"https:\/\/hasler-gp.com\/fr\/\",\"name\":\"HASLER Group\",\"description\":\"Un site utilisant WordPress\",\"potentialAction\":[{\"@type\":\"SearchAction\",\"target\":{\"@type\":\"EntryPoint\",\"urlTemplate\":\"https:\/\/hasler-gp.com\/fr\/?s={search_term_string}\"},\"query-input\":\"required name=search_term_string\"}],\"inLanguage\":\"fr-FR\"}]}<\/script>\n<!-- \/ Yoast SEO plugin. -->","yoast_head_json":{"title":"Audit m\u00e9canique industriel - Etat des lieux \u00e9quipements industriels - HASLER GROUP","description":"Boostez la performance de vos solutions de dosage industriel, de filtration, d'agitation et de malaxage avec l'audit m\u00e9canique industriel HASLER Group, bilan de sant\u00e9 de vos \u00e9quipements.","robots":{"index":"index","follow":"follow","max-snippet":"max-snippet:-1","max-image-preview":"max-image-preview:large","max-video-preview":"max-video-preview:-1"},"canonical":"https:\/\/hasler-gp.com\/fr\/services\/audit-mecanique\/","og_locale":"fr_FR","og_type":"article","og_title":"Audit m\u00e9canique industriel - Etat des lieux \u00e9quipements industriels - HASLER GROUP","og_description":"Boostez la performance de vos solutions de dosage industriel, de filtration, d'agitation et de malaxage avec l'audit m\u00e9canique industriel HASLER Group, bilan de sant\u00e9 de vos \u00e9quipements.","og_url":"https:\/\/hasler-gp.com\/fr\/services\/audit-mecanique\/","og_site_name":"HASLER Group","article_modified_time":"2025-06-12T14:36:03+00:00","twitter_card":"summary_large_image","schema":{"@context":"https:\/\/schema.org","@graph":[{"@type":"WebPage","@id":"https:\/\/hasler-gp.com\/fr\/services\/audit-mecanique\/","url":"https:\/\/hasler-gp.com\/fr\/services\/audit-mecanique\/","name":"Audit m\u00e9canique industriel - Etat des lieux \u00e9quipements industriels - HASLER GROUP","isPartOf":{"@id":"https:\/\/hasler-gp.com\/fr\/#website"},"datePublished":"2024-02-14T10:28:53+00:00","dateModified":"2025-06-12T14:36:03+00:00","description":"Boostez la performance de vos solutions de dosage industriel, de filtration, d'agitation et de malaxage avec l'audit m\u00e9canique industriel HASLER Group, bilan de sant\u00e9 de vos \u00e9quipements.","breadcrumb":{"@id":"https:\/\/hasler-gp.com\/fr\/services\/audit-mecanique\/#breadcrumb"},"inLanguage":"fr-FR","potentialAction":[{"@type":"ReadAction","target":["https:\/\/hasler-gp.com\/fr\/services\/audit-mecanique\/"]}]},{"@type":"BreadcrumbList","@id":"https:\/\/hasler-gp.com\/fr\/services\/audit-mecanique\/#breadcrumb","itemListElement":[{"@type":"ListItem","position":1,"name":"Accueil","item":"https:\/\/hasler-gp.com\/fr\/"},{"@type":"ListItem","position":2,"name":"SERVICES","item":"https:\/\/hasler-gp.com\/fr\/services\/"},{"@type":"ListItem","position":3,"name":"Audit m\u00e9canique"}]},{"@type":"WebSite","@id":"https:\/\/hasler-gp.com\/fr\/#website","url":"https:\/\/hasler-gp.com\/fr\/","name":"HASLER Group","description":"Un site utilisant WordPress","potentialAction":[{"@type":"SearchAction","target":{"@type":"EntryPoint","urlTemplate":"https:\/\/hasler-gp.com\/fr\/?s={search_term_string}"},"query-input":"required name=search_term_string"}],"inLanguage":"fr-FR"}]}},"_links":{"self":[{"href":"https:\/\/hasler-gp.com\/fr\/wp-json\/wp\/v2\/pages\/2989"}],"collection":[{"href":"https:\/\/hasler-gp.com\/fr\/wp-json\/wp\/v2\/pages"}],"about":[{"href":"https:\/\/hasler-gp.com\/fr\/wp-json\/wp\/v2\/types\/page"}],"author":[{"embeddable":true,"href":"https:\/\/hasler-gp.com\/fr\/wp-json\/wp\/v2\/users\/3"}],"replies":[{"embeddable":true,"href":"https:\/\/hasler-gp.com\/fr\/wp-json\/wp\/v2\/comments?post=2989"}],"version-history":[{"count":10,"href":"https:\/\/hasler-gp.com\/fr\/wp-json\/wp\/v2\/pages\/2989\/revisions"}],"predecessor-version":[{"id":14683,"href":"https:\/\/hasler-gp.com\/fr\/wp-json\/wp\/v2\/pages\/2989\/revisions\/14683"}],"up":[{"embeddable":true,"href":"https:\/\/hasler-gp.com\/fr\/wp-json\/wp\/v2\/pages\/1187"}],"wp:attachment":[{"href":"https:\/\/hasler-gp.com\/fr\/wp-json\/wp\/v2\/media?parent=2989"}],"curies":[{"name":"wp","href":"https:\/\/api.w.org\/{rel}","templated":true}]}}