{"id":3144,"date":"2024-02-16T15:41:29","date_gmt":"2024-02-16T14:41:29","guid":{"rendered":"http:\/\/hasler-gp.com\/audit-mecanique-2\/"},"modified":"2025-06-12T16:32:31","modified_gmt":"2025-06-12T14:32:31","slug":"audit-process","status":"publish","type":"page","link":"https:\/\/hasler-gp.com\/fr\/services\/audit-process\/","title":{"rendered":"Audit process filtration"},"content":{"rendered":"","protected":false},"excerpt":{"rendered":"","protected":false},"author":3,"featured_media":0,"parent":1187,"menu_order":29,"comment_status":"closed","ping_status":"closed","template":"builder.php","meta":{"footnotes":"","_wp_rev_ctl_limit":""},"acf":[],"yoast_head":"<!-- This site is optimized with the Yoast SEO plugin v20.0 - https:\/\/yoast.com\/wordpress\/plugins\/seo\/ -->\n<title>Audit process filtration - HASLER Group<\/title>\n<meta name=\"description\" content=\"Optimisez votre proc\u00e9d\u00e9 de filtration avec l&#039;audit HASLER Group : diagnostic complet, performance optimis\u00e9e, co\u00fbts r\u00e9duits, garantie ISO9001.\" \/>\n<meta name=\"robots\" content=\"index, follow, max-snippet:-1, max-image-preview:large, max-video-preview:-1\" \/>\n<link rel=\"canonical\" href=\"https:\/\/hasler-gp.com\/fr\/services\/audit-process\/\" \/>\n<meta property=\"og:locale\" content=\"fr_FR\" \/>\n<meta property=\"og:type\" content=\"article\" \/>\n<meta property=\"og:title\" content=\"Audit process filtration - HASLER Group\" \/>\n<meta property=\"og:description\" content=\"Optimisez votre proc\u00e9d\u00e9 de filtration avec l&#039;audit HASLER Group : diagnostic complet, performance optimis\u00e9e, co\u00fbts r\u00e9duits, garantie ISO9001.\" \/>\n<meta property=\"og:url\" content=\"https:\/\/hasler-gp.com\/fr\/services\/audit-process\/\" \/>\n<meta property=\"og:site_name\" content=\"HASLER Group\" \/>\n<meta property=\"article:modified_time\" content=\"2025-06-12T14:32:31+00:00\" \/>\n<meta name=\"twitter:card\" content=\"summary_large_image\" \/>\n<script type=\"application\/ld+json\" class=\"yoast-schema-graph\">{\"@context\":\"https:\/\/schema.org\",\"@graph\":[{\"@type\":\"WebPage\",\"@id\":\"https:\/\/hasler-gp.com\/fr\/services\/audit-process\/\",\"url\":\"https:\/\/hasler-gp.com\/fr\/services\/audit-process\/\",\"name\":\"Audit process filtration - HASLER Group\",\"isPartOf\":{\"@id\":\"https:\/\/hasler-gp.com\/fr\/#website\"},\"datePublished\":\"2024-02-16T14:41:29+00:00\",\"dateModified\":\"2025-06-12T14:32:31+00:00\",\"description\":\"Optimisez votre proc\u00e9d\u00e9 de filtration avec l'audit HASLER Group : diagnostic complet, performance optimis\u00e9e, co\u00fbts r\u00e9duits, garantie ISO9001.\",\"breadcrumb\":{\"@id\":\"https:\/\/hasler-gp.com\/fr\/services\/audit-process\/#breadcrumb\"},\"inLanguage\":\"fr-FR\",\"potentialAction\":[{\"@type\":\"ReadAction\",\"target\":[\"https:\/\/hasler-gp.com\/fr\/services\/audit-process\/\"]}]},{\"@type\":\"BreadcrumbList\",\"@id\":\"https:\/\/hasler-gp.com\/fr\/services\/audit-process\/#breadcrumb\",\"itemListElement\":[{\"@type\":\"ListItem\",\"position\":1,\"name\":\"Accueil\",\"item\":\"https:\/\/hasler-gp.com\/fr\/\"},{\"@type\":\"ListItem\",\"position\":2,\"name\":\"SERVICES\",\"item\":\"https:\/\/hasler-gp.com\/fr\/services\/\"},{\"@type\":\"ListItem\",\"position\":3,\"name\":\"Audit process filtration\"}]},{\"@type\":\"WebSite\",\"@id\":\"https:\/\/hasler-gp.com\/fr\/#website\",\"url\":\"https:\/\/hasler-gp.com\/fr\/\",\"name\":\"HASLER Group\",\"description\":\"Un site utilisant WordPress\",\"potentialAction\":[{\"@type\":\"SearchAction\",\"target\":{\"@type\":\"EntryPoint\",\"urlTemplate\":\"https:\/\/hasler-gp.com\/fr\/?s={search_term_string}\"},\"query-input\":\"required name=search_term_string\"}],\"inLanguage\":\"fr-FR\"}]}<\/script>\n<!-- \/ Yoast SEO plugin. -->","yoast_head_json":{"title":"Audit process filtration - HASLER Group","description":"Optimisez votre proc\u00e9d\u00e9 de filtration avec l'audit HASLER Group : diagnostic complet, performance optimis\u00e9e, co\u00fbts r\u00e9duits, garantie ISO9001.","robots":{"index":"index","follow":"follow","max-snippet":"max-snippet:-1","max-image-preview":"max-image-preview:large","max-video-preview":"max-video-preview:-1"},"canonical":"https:\/\/hasler-gp.com\/fr\/services\/audit-process\/","og_locale":"fr_FR","og_type":"article","og_title":"Audit process filtration - HASLER Group","og_description":"Optimisez votre proc\u00e9d\u00e9 de filtration avec l'audit HASLER Group : diagnostic complet, performance optimis\u00e9e, co\u00fbts r\u00e9duits, garantie ISO9001.","og_url":"https:\/\/hasler-gp.com\/fr\/services\/audit-process\/","og_site_name":"HASLER Group","article_modified_time":"2025-06-12T14:32:31+00:00","twitter_card":"summary_large_image","schema":{"@context":"https:\/\/schema.org","@graph":[{"@type":"WebPage","@id":"https:\/\/hasler-gp.com\/fr\/services\/audit-process\/","url":"https:\/\/hasler-gp.com\/fr\/services\/audit-process\/","name":"Audit process filtration - HASLER Group","isPartOf":{"@id":"https:\/\/hasler-gp.com\/fr\/#website"},"datePublished":"2024-02-16T14:41:29+00:00","dateModified":"2025-06-12T14:32:31+00:00","description":"Optimisez votre proc\u00e9d\u00e9 de filtration avec l'audit HASLER Group : diagnostic complet, performance optimis\u00e9e, co\u00fbts r\u00e9duits, garantie ISO9001.","breadcrumb":{"@id":"https:\/\/hasler-gp.com\/fr\/services\/audit-process\/#breadcrumb"},"inLanguage":"fr-FR","potentialAction":[{"@type":"ReadAction","target":["https:\/\/hasler-gp.com\/fr\/services\/audit-process\/"]}]},{"@type":"BreadcrumbList","@id":"https:\/\/hasler-gp.com\/fr\/services\/audit-process\/#breadcrumb","itemListElement":[{"@type":"ListItem","position":1,"name":"Accueil","item":"https:\/\/hasler-gp.com\/fr\/"},{"@type":"ListItem","position":2,"name":"SERVICES","item":"https:\/\/hasler-gp.com\/fr\/services\/"},{"@type":"ListItem","position":3,"name":"Audit process filtration"}]},{"@type":"WebSite","@id":"https:\/\/hasler-gp.com\/fr\/#website","url":"https:\/\/hasler-gp.com\/fr\/","name":"HASLER Group","description":"Un site utilisant WordPress","potentialAction":[{"@type":"SearchAction","target":{"@type":"EntryPoint","urlTemplate":"https:\/\/hasler-gp.com\/fr\/?s={search_term_string}"},"query-input":"required name=search_term_string"}],"inLanguage":"fr-FR"}]}},"_links":{"self":[{"href":"https:\/\/hasler-gp.com\/fr\/wp-json\/wp\/v2\/pages\/3144"}],"collection":[{"href":"https:\/\/hasler-gp.com\/fr\/wp-json\/wp\/v2\/pages"}],"about":[{"href":"https:\/\/hasler-gp.com\/fr\/wp-json\/wp\/v2\/types\/page"}],"author":[{"embeddable":true,"href":"https:\/\/hasler-gp.com\/fr\/wp-json\/wp\/v2\/users\/3"}],"replies":[{"embeddable":true,"href":"https:\/\/hasler-gp.com\/fr\/wp-json\/wp\/v2\/comments?post=3144"}],"version-history":[{"count":10,"href":"https:\/\/hasler-gp.com\/fr\/wp-json\/wp\/v2\/pages\/3144\/revisions"}],"predecessor-version":[{"id":14680,"href":"https:\/\/hasler-gp.com\/fr\/wp-json\/wp\/v2\/pages\/3144\/revisions\/14680"}],"up":[{"embeddable":true,"href":"https:\/\/hasler-gp.com\/fr\/wp-json\/wp\/v2\/pages\/1187"}],"wp:attachment":[{"href":"https:\/\/hasler-gp.com\/fr\/wp-json\/wp\/v2\/media?parent=3144"}],"curies":[{"name":"wp","href":"https:\/\/api.w.org\/{rel}","templated":true}]}}