{"id":3744,"date":"2024-02-19T12:46:02","date_gmt":"2024-02-19T11:46:02","guid":{"rendered":"http:\/\/hasler-gp.com\/simulation-numerique-cfd-2\/"},"modified":"2025-06-12T16:22:33","modified_gmt":"2025-06-12T14:22:33","slug":"maintenance-preventive-et-predictive","status":"publish","type":"page","link":"https:\/\/hasler-gp.com\/fr\/services\/maintenance-preventive-et-predictive\/","title":{"rendered":"Maintenance Pr\u00e9ventive et Pr\u00e9dictive"},"content":{"rendered":"","protected":false},"excerpt":{"rendered":"","protected":false},"author":3,"featured_media":0,"parent":1187,"menu_order":12,"comment_status":"closed","ping_status":"closed","template":"builder.php","meta":{"footnotes":"","_wp_rev_ctl_limit":""},"acf":[],"yoast_head":"<!-- This site is optimized with the Yoast SEO plugin v20.0 - https:\/\/yoast.com\/wordpress\/plugins\/seo\/ -->\n<title>Maintenance Pr\u00e9ventive et Pr\u00e9dictive - HASLER Group<\/title>\n<meta name=\"description\" content=\"Am\u00e9liorez la maintenance industrielle de vos \u00e9quipements avec les experts HASLER Group : conseils, s\u00e9curit\u00e9, gestion des arr\u00eats, tra\u00e7abilit\u00e9.\" \/>\n<meta name=\"robots\" content=\"index, follow, max-snippet:-1, max-image-preview:large, max-video-preview:-1\" \/>\n<link rel=\"canonical\" href=\"https:\/\/hasler-gp.com\/fr\/services\/maintenance-preventive-et-predictive\/\" \/>\n<meta property=\"og:locale\" content=\"fr_FR\" \/>\n<meta property=\"og:type\" content=\"article\" \/>\n<meta property=\"og:title\" content=\"Maintenance Pr\u00e9ventive et Pr\u00e9dictive - HASLER Group\" \/>\n<meta property=\"og:description\" content=\"Am\u00e9liorez la maintenance industrielle de vos \u00e9quipements avec les experts HASLER Group : conseils, s\u00e9curit\u00e9, gestion des arr\u00eats, tra\u00e7abilit\u00e9.\" \/>\n<meta property=\"og:url\" content=\"https:\/\/hasler-gp.com\/fr\/services\/maintenance-preventive-et-predictive\/\" \/>\n<meta property=\"og:site_name\" content=\"HASLER Group\" \/>\n<meta property=\"article:modified_time\" content=\"2025-06-12T14:22:33+00:00\" \/>\n<meta name=\"twitter:card\" content=\"summary_large_image\" \/>\n<script type=\"application\/ld+json\" class=\"yoast-schema-graph\">{\"@context\":\"https:\/\/schema.org\",\"@graph\":[{\"@type\":\"WebPage\",\"@id\":\"https:\/\/hasler-gp.com\/fr\/services\/maintenance-preventive-et-predictive\/\",\"url\":\"https:\/\/hasler-gp.com\/fr\/services\/maintenance-preventive-et-predictive\/\",\"name\":\"Maintenance Pr\u00e9ventive et Pr\u00e9dictive - HASLER Group\",\"isPartOf\":{\"@id\":\"https:\/\/hasler-gp.com\/fr\/#website\"},\"datePublished\":\"2024-02-19T11:46:02+00:00\",\"dateModified\":\"2025-06-12T14:22:33+00:00\",\"description\":\"Am\u00e9liorez la maintenance industrielle de vos \u00e9quipements avec les experts HASLER Group : conseils, s\u00e9curit\u00e9, gestion des arr\u00eats, tra\u00e7abilit\u00e9.\",\"breadcrumb\":{\"@id\":\"https:\/\/hasler-gp.com\/fr\/services\/maintenance-preventive-et-predictive\/#breadcrumb\"},\"inLanguage\":\"fr-FR\",\"potentialAction\":[{\"@type\":\"ReadAction\",\"target\":[\"https:\/\/hasler-gp.com\/fr\/services\/maintenance-preventive-et-predictive\/\"]}]},{\"@type\":\"BreadcrumbList\",\"@id\":\"https:\/\/hasler-gp.com\/fr\/services\/maintenance-preventive-et-predictive\/#breadcrumb\",\"itemListElement\":[{\"@type\":\"ListItem\",\"position\":1,\"name\":\"Accueil\",\"item\":\"https:\/\/hasler-gp.com\/fr\/\"},{\"@type\":\"ListItem\",\"position\":2,\"name\":\"SERVICES\",\"item\":\"https:\/\/hasler-gp.com\/fr\/services\/\"},{\"@type\":\"ListItem\",\"position\":3,\"name\":\"Maintenance Pr\u00e9ventive et Pr\u00e9dictive\"}]},{\"@type\":\"WebSite\",\"@id\":\"https:\/\/hasler-gp.com\/fr\/#website\",\"url\":\"https:\/\/hasler-gp.com\/fr\/\",\"name\":\"HASLER Group\",\"description\":\"Un site utilisant WordPress\",\"potentialAction\":[{\"@type\":\"SearchAction\",\"target\":{\"@type\":\"EntryPoint\",\"urlTemplate\":\"https:\/\/hasler-gp.com\/fr\/?s={search_term_string}\"},\"query-input\":\"required name=search_term_string\"}],\"inLanguage\":\"fr-FR\"}]}<\/script>\n<!-- \/ Yoast SEO plugin. -->","yoast_head_json":{"title":"Maintenance Pr\u00e9ventive et Pr\u00e9dictive - HASLER Group","description":"Am\u00e9liorez la maintenance industrielle de vos \u00e9quipements avec les experts HASLER Group : conseils, s\u00e9curit\u00e9, gestion des arr\u00eats, tra\u00e7abilit\u00e9.","robots":{"index":"index","follow":"follow","max-snippet":"max-snippet:-1","max-image-preview":"max-image-preview:large","max-video-preview":"max-video-preview:-1"},"canonical":"https:\/\/hasler-gp.com\/fr\/services\/maintenance-preventive-et-predictive\/","og_locale":"fr_FR","og_type":"article","og_title":"Maintenance Pr\u00e9ventive et Pr\u00e9dictive - HASLER Group","og_description":"Am\u00e9liorez la maintenance industrielle de vos \u00e9quipements avec les experts HASLER Group : conseils, s\u00e9curit\u00e9, gestion des arr\u00eats, tra\u00e7abilit\u00e9.","og_url":"https:\/\/hasler-gp.com\/fr\/services\/maintenance-preventive-et-predictive\/","og_site_name":"HASLER Group","article_modified_time":"2025-06-12T14:22:33+00:00","twitter_card":"summary_large_image","schema":{"@context":"https:\/\/schema.org","@graph":[{"@type":"WebPage","@id":"https:\/\/hasler-gp.com\/fr\/services\/maintenance-preventive-et-predictive\/","url":"https:\/\/hasler-gp.com\/fr\/services\/maintenance-preventive-et-predictive\/","name":"Maintenance Pr\u00e9ventive et Pr\u00e9dictive - HASLER Group","isPartOf":{"@id":"https:\/\/hasler-gp.com\/fr\/#website"},"datePublished":"2024-02-19T11:46:02+00:00","dateModified":"2025-06-12T14:22:33+00:00","description":"Am\u00e9liorez la maintenance industrielle de vos \u00e9quipements avec les experts HASLER Group : conseils, s\u00e9curit\u00e9, gestion des arr\u00eats, tra\u00e7abilit\u00e9.","breadcrumb":{"@id":"https:\/\/hasler-gp.com\/fr\/services\/maintenance-preventive-et-predictive\/#breadcrumb"},"inLanguage":"fr-FR","potentialAction":[{"@type":"ReadAction","target":["https:\/\/hasler-gp.com\/fr\/services\/maintenance-preventive-et-predictive\/"]}]},{"@type":"BreadcrumbList","@id":"https:\/\/hasler-gp.com\/fr\/services\/maintenance-preventive-et-predictive\/#breadcrumb","itemListElement":[{"@type":"ListItem","position":1,"name":"Accueil","item":"https:\/\/hasler-gp.com\/fr\/"},{"@type":"ListItem","position":2,"name":"SERVICES","item":"https:\/\/hasler-gp.com\/fr\/services\/"},{"@type":"ListItem","position":3,"name":"Maintenance Pr\u00e9ventive et Pr\u00e9dictive"}]},{"@type":"WebSite","@id":"https:\/\/hasler-gp.com\/fr\/#website","url":"https:\/\/hasler-gp.com\/fr\/","name":"HASLER Group","description":"Un site utilisant WordPress","potentialAction":[{"@type":"SearchAction","target":{"@type":"EntryPoint","urlTemplate":"https:\/\/hasler-gp.com\/fr\/?s={search_term_string}"},"query-input":"required name=search_term_string"}],"inLanguage":"fr-FR"}]}},"_links":{"self":[{"href":"https:\/\/hasler-gp.com\/fr\/wp-json\/wp\/v2\/pages\/3744"}],"collection":[{"href":"https:\/\/hasler-gp.com\/fr\/wp-json\/wp\/v2\/pages"}],"about":[{"href":"https:\/\/hasler-gp.com\/fr\/wp-json\/wp\/v2\/types\/page"}],"author":[{"embeddable":true,"href":"https:\/\/hasler-gp.com\/fr\/wp-json\/wp\/v2\/users\/3"}],"replies":[{"embeddable":true,"href":"https:\/\/hasler-gp.com\/fr\/wp-json\/wp\/v2\/comments?post=3744"}],"version-history":[{"count":10,"href":"https:\/\/hasler-gp.com\/fr\/wp-json\/wp\/v2\/pages\/3744\/revisions"}],"predecessor-version":[{"id":14672,"href":"https:\/\/hasler-gp.com\/fr\/wp-json\/wp\/v2\/pages\/3744\/revisions\/14672"}],"up":[{"embeddable":true,"href":"https:\/\/hasler-gp.com\/fr\/wp-json\/wp\/v2\/pages\/1187"}],"wp:attachment":[{"href":"https:\/\/hasler-gp.com\/fr\/wp-json\/wp\/v2\/media?parent=3744"}],"curies":[{"name":"wp","href":"https:\/\/api.w.org\/{rel}","templated":true}]}}