{"id":3756,"date":"2024-02-19T13:16:54","date_gmt":"2024-02-19T12:16:54","guid":{"rendered":"http:\/\/hasler-gp.com\/maintenance-preventive-et-predictive-2\/"},"modified":"2025-06-12T16:24:20","modified_gmt":"2025-06-12T14:24:20","slug":"contrat-de-maintenance","status":"publish","type":"page","link":"https:\/\/hasler-gp.com\/fr\/services\/contrat-de-maintenance\/","title":{"rendered":"Contrat de maintenance"},"content":{"rendered":"","protected":false},"excerpt":{"rendered":"","protected":false},"author":3,"featured_media":0,"parent":1187,"menu_order":15,"comment_status":"closed","ping_status":"closed","template":"builder.php","meta":{"footnotes":"","_wp_rev_ctl_limit":""},"acf":[],"yoast_head":"<!-- This site is optimized with the Yoast SEO plugin v20.0 - https:\/\/yoast.com\/wordpress\/plugins\/seo\/ -->\n<title>Contrat de maintenance industrielle - Maintenance industrielle sur mesure - HASLER Group<\/title>\n<meta name=\"description\" content=\"Optimisez votre maintenance avec le contrat de maintenance industrielle HASLER Group : support technique prioritaire, budgets ma\u00eetris\u00e9s, production maximis\u00e9e et maintenance industrielle sur mesure\" \/>\n<meta name=\"robots\" content=\"index, follow, max-snippet:-1, max-image-preview:large, max-video-preview:-1\" \/>\n<link rel=\"canonical\" href=\"https:\/\/hasler-gp.com\/fr\/services\/contrat-de-maintenance\/\" \/>\n<meta property=\"og:locale\" content=\"fr_FR\" \/>\n<meta property=\"og:type\" content=\"article\" \/>\n<meta property=\"og:title\" content=\"Contrat de maintenance industrielle - Maintenance industrielle sur mesure - HASLER Group\" \/>\n<meta property=\"og:description\" content=\"Optimisez votre maintenance avec le contrat de maintenance industrielle HASLER Group : support technique prioritaire, budgets ma\u00eetris\u00e9s, production maximis\u00e9e et maintenance industrielle sur mesure\" \/>\n<meta property=\"og:url\" content=\"https:\/\/hasler-gp.com\/fr\/services\/contrat-de-maintenance\/\" \/>\n<meta property=\"og:site_name\" content=\"HASLER Group\" \/>\n<meta property=\"article:modified_time\" content=\"2025-06-12T14:24:20+00:00\" \/>\n<meta name=\"twitter:card\" content=\"summary_large_image\" \/>\n<script type=\"application\/ld+json\" class=\"yoast-schema-graph\">{\"@context\":\"https:\/\/schema.org\",\"@graph\":[{\"@type\":\"WebPage\",\"@id\":\"https:\/\/hasler-gp.com\/fr\/services\/contrat-de-maintenance\/\",\"url\":\"https:\/\/hasler-gp.com\/fr\/services\/contrat-de-maintenance\/\",\"name\":\"Contrat de maintenance industrielle - Maintenance industrielle sur mesure - HASLER Group\",\"isPartOf\":{\"@id\":\"https:\/\/hasler-gp.com\/fr\/#website\"},\"datePublished\":\"2024-02-19T12:16:54+00:00\",\"dateModified\":\"2025-06-12T14:24:20+00:00\",\"description\":\"Optimisez votre maintenance avec le contrat de maintenance industrielle HASLER Group : support technique prioritaire, budgets ma\u00eetris\u00e9s, production maximis\u00e9e et maintenance industrielle sur mesure\",\"breadcrumb\":{\"@id\":\"https:\/\/hasler-gp.com\/fr\/services\/contrat-de-maintenance\/#breadcrumb\"},\"inLanguage\":\"fr-FR\",\"potentialAction\":[{\"@type\":\"ReadAction\",\"target\":[\"https:\/\/hasler-gp.com\/fr\/services\/contrat-de-maintenance\/\"]}]},{\"@type\":\"BreadcrumbList\",\"@id\":\"https:\/\/hasler-gp.com\/fr\/services\/contrat-de-maintenance\/#breadcrumb\",\"itemListElement\":[{\"@type\":\"ListItem\",\"position\":1,\"name\":\"Accueil\",\"item\":\"https:\/\/hasler-gp.com\/fr\/\"},{\"@type\":\"ListItem\",\"position\":2,\"name\":\"SERVICES\",\"item\":\"https:\/\/hasler-gp.com\/fr\/services\/\"},{\"@type\":\"ListItem\",\"position\":3,\"name\":\"Contrat de maintenance\"}]},{\"@type\":\"WebSite\",\"@id\":\"https:\/\/hasler-gp.com\/fr\/#website\",\"url\":\"https:\/\/hasler-gp.com\/fr\/\",\"name\":\"HASLER Group\",\"description\":\"Un site utilisant WordPress\",\"potentialAction\":[{\"@type\":\"SearchAction\",\"target\":{\"@type\":\"EntryPoint\",\"urlTemplate\":\"https:\/\/hasler-gp.com\/fr\/?s={search_term_string}\"},\"query-input\":\"required name=search_term_string\"}],\"inLanguage\":\"fr-FR\"}]}<\/script>\n<!-- \/ Yoast SEO plugin. -->","yoast_head_json":{"title":"Contrat de maintenance industrielle - Maintenance industrielle sur mesure - HASLER Group","description":"Optimisez votre maintenance avec le contrat de maintenance industrielle HASLER Group : support technique prioritaire, budgets ma\u00eetris\u00e9s, production maximis\u00e9e et maintenance industrielle sur mesure","robots":{"index":"index","follow":"follow","max-snippet":"max-snippet:-1","max-image-preview":"max-image-preview:large","max-video-preview":"max-video-preview:-1"},"canonical":"https:\/\/hasler-gp.com\/fr\/services\/contrat-de-maintenance\/","og_locale":"fr_FR","og_type":"article","og_title":"Contrat de maintenance industrielle - Maintenance industrielle sur mesure - HASLER Group","og_description":"Optimisez votre maintenance avec le contrat de maintenance industrielle HASLER Group : support technique prioritaire, budgets ma\u00eetris\u00e9s, production maximis\u00e9e et maintenance industrielle sur mesure","og_url":"https:\/\/hasler-gp.com\/fr\/services\/contrat-de-maintenance\/","og_site_name":"HASLER Group","article_modified_time":"2025-06-12T14:24:20+00:00","twitter_card":"summary_large_image","schema":{"@context":"https:\/\/schema.org","@graph":[{"@type":"WebPage","@id":"https:\/\/hasler-gp.com\/fr\/services\/contrat-de-maintenance\/","url":"https:\/\/hasler-gp.com\/fr\/services\/contrat-de-maintenance\/","name":"Contrat de maintenance industrielle - Maintenance industrielle sur mesure - HASLER Group","isPartOf":{"@id":"https:\/\/hasler-gp.com\/fr\/#website"},"datePublished":"2024-02-19T12:16:54+00:00","dateModified":"2025-06-12T14:24:20+00:00","description":"Optimisez votre maintenance avec le contrat de maintenance industrielle HASLER Group : support technique prioritaire, budgets ma\u00eetris\u00e9s, production maximis\u00e9e et maintenance industrielle sur mesure","breadcrumb":{"@id":"https:\/\/hasler-gp.com\/fr\/services\/contrat-de-maintenance\/#breadcrumb"},"inLanguage":"fr-FR","potentialAction":[{"@type":"ReadAction","target":["https:\/\/hasler-gp.com\/fr\/services\/contrat-de-maintenance\/"]}]},{"@type":"BreadcrumbList","@id":"https:\/\/hasler-gp.com\/fr\/services\/contrat-de-maintenance\/#breadcrumb","itemListElement":[{"@type":"ListItem","position":1,"name":"Accueil","item":"https:\/\/hasler-gp.com\/fr\/"},{"@type":"ListItem","position":2,"name":"SERVICES","item":"https:\/\/hasler-gp.com\/fr\/services\/"},{"@type":"ListItem","position":3,"name":"Contrat de maintenance"}]},{"@type":"WebSite","@id":"https:\/\/hasler-gp.com\/fr\/#website","url":"https:\/\/hasler-gp.com\/fr\/","name":"HASLER Group","description":"Un site utilisant WordPress","potentialAction":[{"@type":"SearchAction","target":{"@type":"EntryPoint","urlTemplate":"https:\/\/hasler-gp.com\/fr\/?s={search_term_string}"},"query-input":"required name=search_term_string"}],"inLanguage":"fr-FR"}]}},"_links":{"self":[{"href":"https:\/\/hasler-gp.com\/fr\/wp-json\/wp\/v2\/pages\/3756"}],"collection":[{"href":"https:\/\/hasler-gp.com\/fr\/wp-json\/wp\/v2\/pages"}],"about":[{"href":"https:\/\/hasler-gp.com\/fr\/wp-json\/wp\/v2\/types\/page"}],"author":[{"embeddable":true,"href":"https:\/\/hasler-gp.com\/fr\/wp-json\/wp\/v2\/users\/3"}],"replies":[{"embeddable":true,"href":"https:\/\/hasler-gp.com\/fr\/wp-json\/wp\/v2\/comments?post=3756"}],"version-history":[{"count":10,"href":"https:\/\/hasler-gp.com\/fr\/wp-json\/wp\/v2\/pages\/3756\/revisions"}],"predecessor-version":[{"id":14673,"href":"https:\/\/hasler-gp.com\/fr\/wp-json\/wp\/v2\/pages\/3756\/revisions\/14673"}],"up":[{"embeddable":true,"href":"https:\/\/hasler-gp.com\/fr\/wp-json\/wp\/v2\/pages\/1187"}],"wp:attachment":[{"href":"https:\/\/hasler-gp.com\/fr\/wp-json\/wp\/v2\/media?parent=3756"}],"curies":[{"name":"wp","href":"https:\/\/api.w.org\/{rel}","templated":true}]}}