{"id":3878,"date":"2024-02-19T15:41:00","date_gmt":"2024-02-19T14:41:00","guid":{"rendered":"http:\/\/hasler-gp.com\/depannage-et-reparation-2\/"},"modified":"2025-06-12T16:31:21","modified_gmt":"2025-06-12T14:31:21","slug":"assistance-a-distance","status":"publish","type":"page","link":"https:\/\/hasler-gp.com\/fr\/services\/assistance-a-distance\/","title":{"rendered":"Assistance \u00e0 distance industrielle et diagnostic \u00e9quipements industriels"},"content":{"rendered":"","protected":false},"excerpt":{"rendered":"","protected":false},"author":3,"featured_media":0,"parent":1187,"menu_order":27,"comment_status":"closed","ping_status":"closed","template":"builder.php","meta":{"footnotes":"","_wp_rev_ctl_limit":""},"acf":[],"yoast_head":"<!-- This site is optimized with the Yoast SEO plugin v20.0 - https:\/\/yoast.com\/wordpress\/plugins\/seo\/ -->\n<title>Assistance \u00e0 distance industrielle - Diagnostic \u00e9quipements industriels - HASLER Group<\/title>\n<meta name=\"description\" content=\"D\u00e9pannez rapidement vos machines \u00e0 l&#039;aide des experts sp\u00e9cialis\u00e9s. Et b\u00e9n\u00e9ficiez d&#039;une assistance industrielle \u00e0 distance et d&#039;un diagnostic de vos \u00e9quipement industriels.\" \/>\n<meta name=\"robots\" content=\"index, follow, max-snippet:-1, max-image-preview:large, max-video-preview:-1\" \/>\n<link rel=\"canonical\" href=\"https:\/\/hasler-gp.com\/fr\/services\/assistance-a-distance\/\" \/>\n<meta property=\"og:locale\" content=\"fr_FR\" \/>\n<meta property=\"og:type\" content=\"article\" \/>\n<meta property=\"og:title\" content=\"Assistance \u00e0 distance industrielle - Diagnostic \u00e9quipements industriels - HASLER Group\" \/>\n<meta property=\"og:description\" content=\"D\u00e9pannez rapidement vos machines \u00e0 l&#039;aide des experts sp\u00e9cialis\u00e9s. Et b\u00e9n\u00e9ficiez d&#039;une assistance industrielle \u00e0 distance et d&#039;un diagnostic de vos \u00e9quipement industriels.\" \/>\n<meta property=\"og:url\" content=\"https:\/\/hasler-gp.com\/fr\/services\/assistance-a-distance\/\" \/>\n<meta property=\"og:site_name\" content=\"HASLER Group\" \/>\n<meta property=\"article:modified_time\" content=\"2025-06-12T14:31:21+00:00\" \/>\n<meta name=\"twitter:card\" content=\"summary_large_image\" \/>\n<script type=\"application\/ld+json\" class=\"yoast-schema-graph\">{\"@context\":\"https:\/\/schema.org\",\"@graph\":[{\"@type\":\"WebPage\",\"@id\":\"https:\/\/hasler-gp.com\/fr\/services\/assistance-a-distance\/\",\"url\":\"https:\/\/hasler-gp.com\/fr\/services\/assistance-a-distance\/\",\"name\":\"Assistance \u00e0 distance industrielle - Diagnostic \u00e9quipements industriels - HASLER Group\",\"isPartOf\":{\"@id\":\"https:\/\/hasler-gp.com\/fr\/#website\"},\"datePublished\":\"2024-02-19T14:41:00+00:00\",\"dateModified\":\"2025-06-12T14:31:21+00:00\",\"description\":\"D\u00e9pannez rapidement vos machines \u00e0 l'aide des experts sp\u00e9cialis\u00e9s. Et b\u00e9n\u00e9ficiez d'une assistance industrielle \u00e0 distance et d'un diagnostic de vos \u00e9quipement industriels.\",\"breadcrumb\":{\"@id\":\"https:\/\/hasler-gp.com\/fr\/services\/assistance-a-distance\/#breadcrumb\"},\"inLanguage\":\"fr-FR\",\"potentialAction\":[{\"@type\":\"ReadAction\",\"target\":[\"https:\/\/hasler-gp.com\/fr\/services\/assistance-a-distance\/\"]}]},{\"@type\":\"BreadcrumbList\",\"@id\":\"https:\/\/hasler-gp.com\/fr\/services\/assistance-a-distance\/#breadcrumb\",\"itemListElement\":[{\"@type\":\"ListItem\",\"position\":1,\"name\":\"Accueil\",\"item\":\"https:\/\/hasler-gp.com\/fr\/\"},{\"@type\":\"ListItem\",\"position\":2,\"name\":\"SERVICES\",\"item\":\"https:\/\/hasler-gp.com\/fr\/services\/\"},{\"@type\":\"ListItem\",\"position\":3,\"name\":\"Assistance \u00e0 distance industrielle et diagnostic \u00e9quipements industriels\"}]},{\"@type\":\"WebSite\",\"@id\":\"https:\/\/hasler-gp.com\/fr\/#website\",\"url\":\"https:\/\/hasler-gp.com\/fr\/\",\"name\":\"HASLER Group\",\"description\":\"Un site utilisant WordPress\",\"potentialAction\":[{\"@type\":\"SearchAction\",\"target\":{\"@type\":\"EntryPoint\",\"urlTemplate\":\"https:\/\/hasler-gp.com\/fr\/?s={search_term_string}\"},\"query-input\":\"required name=search_term_string\"}],\"inLanguage\":\"fr-FR\"}]}<\/script>\n<!-- \/ Yoast SEO plugin. -->","yoast_head_json":{"title":"Assistance \u00e0 distance industrielle - Diagnostic \u00e9quipements industriels - HASLER Group","description":"D\u00e9pannez rapidement vos machines \u00e0 l'aide des experts sp\u00e9cialis\u00e9s. Et b\u00e9n\u00e9ficiez d'une assistance industrielle \u00e0 distance et d'un diagnostic de vos \u00e9quipement industriels.","robots":{"index":"index","follow":"follow","max-snippet":"max-snippet:-1","max-image-preview":"max-image-preview:large","max-video-preview":"max-video-preview:-1"},"canonical":"https:\/\/hasler-gp.com\/fr\/services\/assistance-a-distance\/","og_locale":"fr_FR","og_type":"article","og_title":"Assistance \u00e0 distance industrielle - Diagnostic \u00e9quipements industriels - HASLER Group","og_description":"D\u00e9pannez rapidement vos machines \u00e0 l'aide des experts sp\u00e9cialis\u00e9s. Et b\u00e9n\u00e9ficiez d'une assistance industrielle \u00e0 distance et d'un diagnostic de vos \u00e9quipement industriels.","og_url":"https:\/\/hasler-gp.com\/fr\/services\/assistance-a-distance\/","og_site_name":"HASLER Group","article_modified_time":"2025-06-12T14:31:21+00:00","twitter_card":"summary_large_image","schema":{"@context":"https:\/\/schema.org","@graph":[{"@type":"WebPage","@id":"https:\/\/hasler-gp.com\/fr\/services\/assistance-a-distance\/","url":"https:\/\/hasler-gp.com\/fr\/services\/assistance-a-distance\/","name":"Assistance \u00e0 distance industrielle - Diagnostic \u00e9quipements industriels - HASLER Group","isPartOf":{"@id":"https:\/\/hasler-gp.com\/fr\/#website"},"datePublished":"2024-02-19T14:41:00+00:00","dateModified":"2025-06-12T14:31:21+00:00","description":"D\u00e9pannez rapidement vos machines \u00e0 l'aide des experts sp\u00e9cialis\u00e9s. Et b\u00e9n\u00e9ficiez d'une assistance industrielle \u00e0 distance et d'un diagnostic de vos \u00e9quipement industriels.","breadcrumb":{"@id":"https:\/\/hasler-gp.com\/fr\/services\/assistance-a-distance\/#breadcrumb"},"inLanguage":"fr-FR","potentialAction":[{"@type":"ReadAction","target":["https:\/\/hasler-gp.com\/fr\/services\/assistance-a-distance\/"]}]},{"@type":"BreadcrumbList","@id":"https:\/\/hasler-gp.com\/fr\/services\/assistance-a-distance\/#breadcrumb","itemListElement":[{"@type":"ListItem","position":1,"name":"Accueil","item":"https:\/\/hasler-gp.com\/fr\/"},{"@type":"ListItem","position":2,"name":"SERVICES","item":"https:\/\/hasler-gp.com\/fr\/services\/"},{"@type":"ListItem","position":3,"name":"Assistance \u00e0 distance industrielle et diagnostic \u00e9quipements industriels"}]},{"@type":"WebSite","@id":"https:\/\/hasler-gp.com\/fr\/#website","url":"https:\/\/hasler-gp.com\/fr\/","name":"HASLER Group","description":"Un site utilisant WordPress","potentialAction":[{"@type":"SearchAction","target":{"@type":"EntryPoint","urlTemplate":"https:\/\/hasler-gp.com\/fr\/?s={search_term_string}"},"query-input":"required name=search_term_string"}],"inLanguage":"fr-FR"}]}},"_links":{"self":[{"href":"https:\/\/hasler-gp.com\/fr\/wp-json\/wp\/v2\/pages\/3878"}],"collection":[{"href":"https:\/\/hasler-gp.com\/fr\/wp-json\/wp\/v2\/pages"}],"about":[{"href":"https:\/\/hasler-gp.com\/fr\/wp-json\/wp\/v2\/types\/page"}],"author":[{"embeddable":true,"href":"https:\/\/hasler-gp.com\/fr\/wp-json\/wp\/v2\/users\/3"}],"replies":[{"embeddable":true,"href":"https:\/\/hasler-gp.com\/fr\/wp-json\/wp\/v2\/comments?post=3878"}],"version-history":[{"count":10,"href":"https:\/\/hasler-gp.com\/fr\/wp-json\/wp\/v2\/pages\/3878\/revisions"}],"predecessor-version":[{"id":14679,"href":"https:\/\/hasler-gp.com\/fr\/wp-json\/wp\/v2\/pages\/3878\/revisions\/14679"}],"up":[{"embeddable":true,"href":"https:\/\/hasler-gp.com\/fr\/wp-json\/wp\/v2\/pages\/1187"}],"wp:attachment":[{"href":"https:\/\/hasler-gp.com\/fr\/wp-json\/wp\/v2\/media?parent=3878"}],"curies":[{"name":"wp","href":"https:\/\/api.w.org\/{rel}","templated":true}]}}